{"id":4547,"date":"2020-04-18T13:19:36","date_gmt":"2020-04-18T12:19:36","guid":{"rendered":"https:\/\/everest.al\/ndertim\/general-construction-tirana-district\/"},"modified":"2020-04-20T10:28:07","modified_gmt":"2020-04-20T09:28:07","slug":"ndertime-te-ndryshme-ne-shqiperi","status":"publish","type":"page","link":"https:\/\/www.everest.al\/sq\/ndertim\/ndertime-te-ndryshme-ne-shqiperi\/","title":{"rendered":"Nd\u00ebrtime t\u00eb ndryshme n\u00eb Shqip\u00ebri"},"content":{"rendered":"<p>[et_pb_section fb_built=&#8221;1&#8243; fullwidth=&#8221;on&#8221; _builder_version=&#8221;4.4.2&#8243; da_is_popup=&#8221;off&#8221; da_exit_intent=&#8221;off&#8221; da_has_close=&#8221;on&#8221; da_alt_close=&#8221;off&#8221; da_dark_close=&#8221;off&#8221; da_not_modal=&#8221;on&#8221; da_is_singular=&#8221;off&#8221; da_has_shadow=&#8221;on&#8221; da_disable_devices=&#8221;off|off|off&#8221;][et_pb_fullwidth_image _builder_version=&#8221;4.4.2&#8243; background_color=&#8221;rgba(0,0,0,0.54)&#8221; background_image=&#8221;https:\/\/everest.al\/wp-content\/uploads\/2020\/04\/Everest-Construction-Group-General-Constructions-in-Albania.jpg&#8221; background_blend=&#8221;overlay&#8221; min_height=&#8221;500px&#8221; min_height_tablet=&#8221;450px&#8221; min_height_phone=&#8221;300px&#8221; min_height_last_edited=&#8221;on|tablet&#8221; height=&#8221;500px&#8221; height_tablet=&#8221;450px&#8221; height_phone=&#8221;300px&#8221; height_last_edited=&#8221;on|tablet&#8221; max_height=&#8221;500px&#8221; max_height_tablet=&#8221;450px&#8221; max_height_phone=&#8221;300px&#8221; max_height_last_edited=&#8221;on|phone&#8221; custom_margin=&#8221;||||false|false&#8221;][\/et_pb_fullwidth_image][\/et_pb_section][et_pb_section fb_built=&#8221;1&#8243; _builder_version=&#8221;4.4.2&#8243; custom_margin=&#8221;0px||||false|false&#8221; custom_padding=&#8221;0px||||false|false&#8221; da_is_popup=&#8221;off&#8221; da_exit_intent=&#8221;off&#8221; da_has_close=&#8221;on&#8221; da_alt_close=&#8221;off&#8221; da_dark_close=&#8221;off&#8221; da_not_modal=&#8221;on&#8221; da_is_singular=&#8221;off&#8221; da_has_shadow=&#8221;on&#8221; da_disable_devices=&#8221;off|off|off&#8221;][et_pb_row _builder_version=&#8221;4.4.2&#8243; custom_margin=&#8221;||0px||false|false&#8221; custom_padding=&#8221;||0px||false|false&#8221;][et_pb_column type=&#8221;4_4&#8243; _builder_version=&#8221;4.4.1&#8243;][et_pb_text _builder_version=&#8221;4.4.2&#8243; text_font=&#8221;Barlow|700|||||||&#8221; text_text_color=&#8221;#19191b&#8221; text_font_size=&#8221;75px&#8221; text_line_height=&#8221;1.8em&#8221; custom_margin=&#8221;||0px||false|false&#8221; custom_padding=&#8221;||0px||false|false&#8221; custom_padding_tablet=&#8221;|||100px|false|false&#8221; custom_padding_phone=&#8221;|50px||50px|false|false&#8221; custom_padding_last_edited=&#8221;on|phone&#8221; text_font_size_tablet=&#8221;55px&#8221; text_font_size_phone=&#8221;35px&#8221; text_font_size_last_edited=&#8221;on|phone&#8221;]Nd\u00ebrtime t\u00eb ndryshme<span style=\"color: #ffef10;\">.<\/span>[\/et_pb_text][et_pb_text module_class=&#8221;proj-description&#8221; _builder_version=&#8221;4.4.2&#8243; text_text_color=&#8221;#000000&#8243; text_font_size=&#8221;17px&#8221; text_line_height=&#8221;1.8em&#8221; custom_padding=&#8221;|100px|||false|false&#8221; custom_padding_tablet=&#8221;|100px||100px|false|false&#8221; custom_padding_phone=&#8221;|50px||50px|false|false&#8221; custom_padding_last_edited=&#8221;on|phone&#8221; text_font_size_tablet=&#8221;&#8221; text_font_size_phone=&#8221;&#8221; text_font_size_last_edited=&#8221;on|phone&#8221;]<\/p>\n<p class=\"project-descr\">Lista e projekteve t\u00eb nd\u00ebrmarra ngaEverest Construction Group, rreth nd\u00ebrtimit, rikonstruktimit dhe pun\u00ebve t\u00eb ndryshme n\u00eb lidhje me objekte dhe godina t\u00eb shumta n\u00eb Shqip\u00ebri.<\/p>\n<p>[\/et_pb_text][et_pb_text _builder_version=&#8221;4.4.2&#8243; text_font=&#8221;Barlow||||||||&#8221; custom_margin=&#8221;80px||||false|false&#8221;]<\/p>\n<table class=\"table prod-char\">\n<thead>\n<tr class=\"background-color\">\n<td class=\"first-tab\">#<\/td>\n<td class=\"first-tab\">Emri i projektit<\/td>\n<td class=\"first-tab\">Investitori<\/td>\n<td class=\"first-tab\">Qyteti<\/td>\n<td class=\"first-tab\">Data e p\u00ebrfundimit<\/td>\n<td class=\"first-tab\">P\u00ebrshkrimi i projektit<\/td>\n<\/tr>\n<\/thead>\n<tbody>\n<tr>\n<td class=\"first-tab\">1<\/td>\n<td class=\"first-tab\">Rikonstruksioni i Spitalit Neurologjik<\/td>\n<td class=\"second-tab-2\">Ministria e Sh\u00ebndet\u00ebsis\u00eb<\/td>\n<td class=\"second-tab-2\">Tiran\u00eb<\/td>\n<td class=\"second-tab-2\">2000<\/td>\n<td class=\"second-tab-2\">Rikonstruksion<\/td>\n<\/tr>\n<tr class=\"background-color\">\n<td class=\"first-tab\">2<\/td>\n<td class=\"first-tab\">Nd\u00ebrtimi i Gjykat\u00ebs Mat<\/td>\n<td class=\"second-tab-2\"><\/td>\n<td class=\"second-tab-2\">Mat<\/td>\n<td class=\"second-tab-2\">2001<\/td>\n<td class=\"second-tab-2\">Nd\u00ebrtim i ri<\/td>\n<\/tr>\n<tr>\n<td class=\"first-tab\">3<\/td>\n<td class=\"first-tab\">Qend\u00ebr trajnimi t\u00eb sh\u00ebrbimeve t\u00eb emergjenc\u00ebs sh\u00ebndet\u00ebsore<\/td>\n<td class=\"second-tab-2\">Ambasada Amerikane<\/td>\n<td class=\"second-tab-2\">Tiran\u00eb<\/td>\n<td class=\"second-tab-2\">30.04.2003<\/td>\n<td class=\"second-tab-2\">Punime g\u00ebrmimi e mbushje, punime beton\/arme, punime hidraulike, punime per KUB dhe KUZ, punime elektrike, punime ngrohje-ventilim, nd\u00ebrtim vetrate dhe fasade, nd\u00ebrtim lulishteje, punime shtresash dhe sistemime t\u00eb sheshit.<\/td>\n<\/tr>\n<tr class=\"background-color\">\n<td class=\"first-tab\">4<\/td>\n<td class=\"first-tab\">Rikonstruksion sall\u00eb konferencash Q.K.F.A<\/td>\n<td class=\"second-tab-2\">Q.K.F.A.<\/td>\n<td class=\"second-tab-2\">Tiran\u00eb<\/td>\n<td class=\"second-tab-2\">28.06.2004<\/td>\n<td class=\"second-tab-2\">Rikonstruksion i godin\u00ebs nga brenda dhe nga jasht\u00eb si: punime prishjeje, punime suvatimi, punime hidraulike, punime elektrike, shtrim me pllaka, vendosje dyer e dritare etj.<\/td>\n<\/tr>\n<tr>\n<td class=\"first-tab\">5<\/td>\n<td class=\"first-tab\">Rehabilitimi i zyrave t\u00eb nd\u00ebrmarjes s\u00eb uj\u00ebsjellesit Burrel<\/td>\n<td class=\"second-tab-2\">GDWSS PIU<\/td>\n<td class=\"second-tab-2\">Burrel<\/td>\n<td class=\"second-tab-2\">03.12.2004<\/td>\n<td class=\"second-tab-2\">Rikonstruksion i godin\u00ebs nga brenda dhe nga jashte si: punime prishjeje, punime suvatimi, punime hidraulike, punime elektrike, shtrim me pllaka, vendosje dyer e dritare, sistemime t\u00eb jashtme etj.<\/td>\n<\/tr>\n<tr class=\"background-color\">\n<td class=\"first-tab\">6<\/td>\n<td class=\"first-tab\">Rikonstruksion rrjeti elektrik 0.4KW n\u00eb rrugen &#8220;Mujo Ulqinaku&#8221; dhe rrug\u00ebn &#8220;Vila&#8221;<\/td>\n<td class=\"second-tab-2\">KESH Durr\u00ebs<\/td>\n<td class=\"second-tab-2\">Durr\u00ebs<\/td>\n<td class=\"second-tab-2\">07.12.2004<\/td>\n<td class=\"second-tab-2\">Punime g\u00ebrmimi e mbushjeje, vendosje tubash e kabllash elektrik\u00eb, nd\u00ebrtim pusetash betoni, vendosje tubash \u00ebeliku etj.<\/td>\n<\/tr>\n<tr>\n<td class=\"first-tab\">7<\/td>\n<td class=\"first-tab\">Mir\u00ebmbajtje periodike n\u00eb qarkun e Fierit CWW\/NCB\/2004\/3<\/td>\n<td class=\"second-tab-2\">Ministria e Brendshme<\/td>\n<td class=\"second-tab-2\">Fier<\/td>\n<td class=\"second-tab-2\">08.12.2006<\/td>\n<td class=\"second-tab-2\">Mir\u00ebmbajtje periodike (g\u00ebrmime, shtres\u00eb \u00e7ak\u00eblli, sistemime)<\/td>\n<\/tr>\n<tr class=\"background-color\">\n<td class=\"first-tab\">8<\/td>\n<td class=\"first-tab\">Rikonstruksioni i godin\u00ebs s\u00eb repartit RENEA<\/td>\n<td class=\"second-tab-2\">Departamenti RENEA<\/td>\n<td class=\"second-tab-2\">Tiran\u00eb<\/td>\n<td class=\"second-tab-2\">2007<\/td>\n<td class=\"second-tab-2\">Punime g\u00ebrmimi e mbushje, punime beton\/arme, punime hidraulike, punime per KUB dhe KUZ, punime elektrike, punime ngrohje-ventilim, nd\u00ebrtim vetrate dhe fasade, nd\u00ebrtim lulishteje, punime shtresash dhe sistemime t\u00eb sheshit.<\/td>\n<\/tr>\n<tr>\n<td class=\"first-tab\">9<\/td>\n<td class=\"first-tab\">Mir\u00ebmbajtje periodike n\u00eb qarkun e Fierit CWW\/NCB\/2004\/3<\/td>\n<td class=\"second-tab-2\">Ministria e Brendshme<\/td>\n<td class=\"second-tab-2\">Lushnj\u00eb<\/td>\n<td class=\"second-tab-2\">08.12.2007<\/td>\n<td class=\"second-tab-2\">Mir\u00ebmbajtje periodike (g\u00ebrmime, shtres\u00eb \u00e7ak\u00eblli, sistemime)<\/td>\n<\/tr>\n<tr class=\"background-color\">\n<td class=\"first-tab\">10<\/td>\n<td class=\"first-tab\">Rikonstruksion Godina nr. 29, Qytet Studenti<\/td>\n<td class=\"second-tab-2\">Trajtim studenti Num\u00ebr 1<\/td>\n<td class=\"second-tab-2\">Tiran\u00eb<\/td>\n<td class=\"second-tab-2\">11.10.2008<\/td>\n<td class=\"second-tab-2\">Rikonstruksion i godin\u00ebs nga brenda dhe nga jasht\u00eb si: punime prishjeje, punime suvatimi, punime hidraulike, punime elektrike, shtrim me pllaka, vendosje dyer e dritare etj.<\/td>\n<\/tr>\n<tr>\n<td class=\"first-tab\">11<\/td>\n<td class=\"first-tab\">Godin\u00eb banimi 2 kat\u00ebshe<\/td>\n<td class=\"second-tab-2\">Ferdinand Shehu<\/td>\n<td class=\"second-tab-2\">Tiran\u00eb<\/td>\n<td class=\"second-tab-2\">30.03.2010<\/td>\n<td class=\"second-tab-2\">Punime g\u00ebrmimi e mbushje, punime beton\/arme, punime hidraulike, punime p\u00ebr KUB dhe KUZ, punime elektrike, nd\u00ebrtim vetratash dhe fasade, nd\u00ebrtim lulishte, punime shtresash dhe sistemime te sheshit.<\/td>\n<\/tr>\n<tr class=\"background-color\">\n<td class=\"first-tab\">12<\/td>\n<td class=\"first-tab\">Punime n\u00eb F.SH.F.<\/td>\n<td class=\"second-tab-2\">F.SH.F<\/td>\n<td class=\"second-tab-2\">Tiran\u00eb<\/td>\n<td class=\"second-tab-2\">1.04.2010<\/td>\n<td class=\"second-tab-2\">Punime nd\u00ebrtimi (prishje, mur tulle, suvatime, pllaka, patinime, dyer, dritare, lyerje, vetrata etj), punime hidrosanitare, punime elektrike, punime rrjetesh inxhinjerike dhe paisje t\u00eb ndryshme.<\/td>\n<\/tr>\n<tr>\n<td class=\"first-tab\">13<\/td>\n<td class=\"first-tab\">Banes\u00eb 2,5,6,7,8 kate dhe nj\u00eb kat parkimi n\u00ebntok\u00eb n\u00eb Yzberisht, komuna Kashar<\/td>\n<td class=\"second-tab-2\">Everest ShPK<\/td>\n<td class=\"second-tab-2\">Tiran\u00eb<\/td>\n<td class=\"second-tab-2\">30.05.2010<\/td>\n<td class=\"second-tab-2\">Punime g\u00ebrmimi e mbushje, punime beton\/arme, punime hidraulike, punime p\u00ebr KUB dhe KUZ, punime elektrike, nd\u00ebrtim vetrate dhe fasade, nd\u00ebrtim lulishteje, punime shtresash dhe sistemime t\u00eb sheshit.<\/td>\n<\/tr>\n<tr class=\"background-color\">\n<td class=\"first-tab\">14<\/td>\n<td class=\"first-tab\">Pallati i Kultur\u00ebs, Kam\u00ebz<\/td>\n<td class=\"second-tab-2\">Bashkia Kam\u00ebz<\/td>\n<td class=\"second-tab-2\">Kam\u00ebz<\/td>\n<td class=\"second-tab-2\">31.05.2011<\/td>\n<td class=\"second-tab-2\">Punime g\u00ebrmimi e mbushje, punime beton\/arme, punime hidraulike, punime p\u00ebr KUB dhe KUZ, punime elektrike, nd\u00ebrtim vetrate dhe fasade, nd\u00ebrtim lulishteje, punime shtresash dhe sistemime t\u00eb sheshit.<\/td>\n<\/tr>\n<tr>\n<td class=\"first-tab\">15<\/td>\n<td class=\"first-tab\">Linj\u00eb elektrike MV Manza G3226<\/td>\n<td class=\"second-tab-2\">Plus Communication<\/td>\n<td class=\"second-tab-2\">Durr\u00ebs<\/td>\n<td class=\"second-tab-2\">25.08.2011<\/td>\n<td class=\"second-tab-2\">Nd\u00ebrtim linje elektrike p\u00ebr antenat.<\/td>\n<\/tr>\n<tr class=\"background-color\">\n<td class=\"first-tab\">16<\/td>\n<td class=\"first-tab\">Linj\u00eb elektrike MV Plan i Bardh\u00eb G2804<\/td>\n<td class=\"second-tab-2\">Plus Communication<\/td>\n<td class=\"second-tab-2\">Bulqiz\u00eb<\/td>\n<td class=\"second-tab-2\">20.10.2011<\/td>\n<td class=\"second-tab-2\">Nd\u00ebrtim linje elektrike p\u00ebr antenat.\n<\/td>\n<\/tr>\n<tr>\n<td class=\"first-tab\">17<\/td>\n<td class=\"first-tab\">Linj\u00eb elektrike LV Homesh G2806<\/td>\n<td class=\"second-tab-2\">Plus Communication<\/td>\n<td class=\"second-tab-2\">Dib\u00ebr<\/td>\n<td class=\"second-tab-2\">26.10.2011<\/td>\n<td class=\"second-tab-2\">Nd\u00ebrtim linje elektrike p\u00ebr antenat.<\/td>\n<\/tr>\n<tr class=\"background-color\">\n<td class=\"first-tab\">18<\/td>\n<td class=\"first-tab\">Gardh metalik Hohesh dhe Plan i Bardh\u00eb<\/td>\n<td class=\"second-tab-2\">Plus Communication<\/td>\n<td class=\"second-tab-2\">Dib\u00ebr, Bulqiz\u00eb<\/td>\n<td class=\"second-tab-2\">28.10.2011<\/td>\n<td class=\"second-tab-2\">Konstruksion metalik p\u00ebr gardh rrethues.\n<\/td>\n<\/tr>\n<tr>\n<td class=\"first-tab\">19<\/td>\n<td class=\"first-tab\">Linj\u00eb tensioni i mes\u00ebm, Mide<\/td>\n<td class=\"second-tab-2\">Plus Communication<\/td>\n<td class=\"second-tab-2\">Puk\u00eb<\/td>\n<td class=\"second-tab-2\">04.11.2011<\/td>\n<td class=\"second-tab-2\">Konstruksione metalike, dhe paisje elektrike p\u00ebr z\u00ebvend\u00ebsimin e linj\u00ebs s\u00eb tensionit t\u00eb mes\u00ebm.<\/td>\n<\/tr>\n<tr class=\"background-color\">\n<td class=\"first-tab\">20<\/td>\n<td class=\"first-tab\">Rikonstruksion, rehabilitim t\u00eb hap\u00ebsirave, fasadave t\u00eb pallateve n\u00eb hyrje t\u00eb Durr\u00ebsit loti i II <\/td>\n<td class=\"second-tab-2\">Bashkia Durr\u00ebs<\/td>\n<td class=\"second-tab-2\">Durr\u00ebs<\/td>\n<td class=\"second-tab-2\">06.01.2012<\/td>\n<td class=\"second-tab-2\">\n<\/td>\n<\/tr>\n<tr>\n<td class=\"first-tab\">21<\/td>\n<td class=\"first-tab\">Riparime: linja tensioni i mes\u00ebm<\/td>\n<td class=\"second-tab-2\">Plus Communication<\/td>\n<td class=\"second-tab-2\"><\/td>\n<td class=\"second-tab-2\">22.05.2012<\/td>\n<td class=\"second-tab-2\">Riparime t\u00eb linjave t\u00eb tensionit t\u00eb mes\u00ebm.<\/td>\n<\/tr>\n<tr class=\"background-color\">\n<td class=\"first-tab\">22<\/td>\n<td class=\"first-tab\">Krijimi i nj\u00eb hap\u00ebsire arg\u00ebtimi sportive p\u00ebr t\u00eb rinjt\u00eb dhe f\u00ebmijet n\u00eb bllokun nr. 6 t\u00eb nj\u00ebsise bashkiake nr. 4<\/td>\n<td class=\"second-tab-2\">National Centre for Social Studies<\/td>\n<td class=\"second-tab-2\">Tiran\u00eb<\/td>\n<td class=\"second-tab-2\">08.07.2012<\/td>\n<td class=\"second-tab-2\">Punime g\u00ebrmimi dhe mbushje, punime betoni, sistemime, mbjellje me bar, shkure dhe pem\u00eb, nd\u00ebrtim fushe basketbolli, vendosje stolash, kosha pleh\u00ebrash etj.<\/td>\n<\/tr>\n<tr>\n<td class=\"first-tab\">23<\/td>\n<td class=\"first-tab\">Nd\u00ebrtim i shkall\u00ebve t\u00eb stadiumit &#8220;Kam\u00ebz&#8221;<\/td>\n<td class=\"second-tab-2\">Bashkia Kam\u00ebz<\/td>\n<td class=\"second-tab-2\">Kam\u00ebz<\/td>\n<td class=\"second-tab-2\">03.01.2014<\/td>\n<td class=\"second-tab-2\"><\/td>\n<\/tr>\n<tr class=\"background-color\">\n<td class=\"first-tab\">24<\/td>\n<td class=\"first-tab\">Rikonstruksion i Tregut Ushqimor Laprak\u00eb<\/td>\n<td class=\"second-tab-2\">Bashkia e Tiran\u00ebs<\/td>\n<td class=\"second-tab-2\">Tiran\u00eb<\/td>\n<td class=\"second-tab-2\">2014<\/td>\n<td class=\"second-tab-2\">Rikonstruksion<\/td>\n<\/tr>\n<tr>\n<td class=\"first-tab\">25<\/td>\n<td class=\"first-tab\">Rikonstruksioni i Drejtoris\u00eb s\u00eb Bujq\u00ebsis\u00eb<\/td>\n<td class=\"second-tab-2\">Drejtoria e Bujq\u00ebsis\u00eb<\/td>\n<td class=\"second-tab-2\">Tiran\u00eb<\/td>\n<td class=\"second-tab-2\">2015<\/td>\n<td class=\"second-tab-2\">Rikonstruksion<\/td>\n<\/tr>\n<tr class=\"background-color\">\n<td class=\"first-tab\">26<\/td>\n<td class=\"first-tab\">Nd\u00ebrtim i fiderave t\u00eb rinj 20KV nga n\u00ebn-stacioni 110\/20KV Kashar p\u00ebr zon\u00ebn e Bathores, F29 dhe F30 si dhe rrjetin e ri TU me kab\u00ebll me vet\u00ebmbajtje ABC t\u00eb fiderit F29<\/td>\n<td class=\"second-tab-2\">OSHEE<\/td>\n<td class=\"second-tab-2\">Tiran\u00eb<\/td>\n<td class=\"second-tab-2\">14.04.2016<\/td>\n<td class=\"second-tab-2\"><\/td>\n<\/tr>\n<tr>\n<td class=\"first-tab\">27<\/td>\n<td class=\"first-tab\">Ngritja e pikave &#8220;Info Point&#8221;<\/td>\n<td class=\"second-tab-2\">Agjensia Komb\u00ebtare e Turizmit<\/td>\n<td class=\"second-tab-2\">Tiran\u00eb<\/td>\n<td class=\"second-tab-2\">2016<\/td>\n<td class=\"second-tab-2\">Nd\u00ebrtim i ri<\/td>\n<\/tr>\n<tr class=\"background-color\">\n<td class=\"first-tab\">28<\/td>\n<td class=\"first-tab\">Godin\u00eb administrative, shtres\u00eb kapanoni p\u00ebr kontrollin fizik e tahografi<\/td>\n<td class=\"second-tab-2\">DPSHTRR<\/td>\n<td class=\"second-tab-2\">Tiran\u00eb<\/td>\n<td class=\"second-tab-2\">2016<\/td>\n<td class=\"second-tab-2\">Nd\u00ebrtim i ri<\/td>\n<\/tr>\n<tr>\n<td class=\"first-tab\">29<\/td>\n<td class=\"first-tab\">Nd\u00ebrtimi i godin\u00ebs s\u00eb re p\u00ebr sh\u00ebrbimin komb\u00ebtar t\u00eb urgjencave mjek\u00ebsore<\/td>\n<td class=\"second-tab-2\">QKUM<\/td>\n<td class=\"second-tab-2\">Tiran\u00eb<\/td>\n<td class=\"second-tab-2\">2016<\/td>\n<td class=\"second-tab-2\">Nd\u00ebrtim i ri<\/td>\n<\/tr>\n<tr class=\"background-color\">\n<td class=\"first-tab\">30<\/td>\n<td class=\"first-tab\">Projekti para hyrjes s\u00eb portit, faza I, II dhe III<\/td>\n<td class=\"second-tab-2\">Bashkia Durr\u00ebs<\/td>\n<td class=\"second-tab-2\">Durr\u00ebs<\/td>\n<td class=\"second-tab-2\">2016<\/td>\n<td class=\"second-tab-2\">Nd\u00ebrtim i ri<\/td>\n<\/tr>\n<tr>\n<td class=\"first-tab\">31<\/td>\n<td class=\"first-tab\">Rikonstruksion i objektit t\u00eb uj\u00ebsjell\u00ebsit t\u00eb fshatit Ndroq dhe Lagjia e Re<\/td>\n<td class=\"second-tab-2\">UKT<\/td>\n<td class=\"second-tab-2\">Tiran\u00eb<\/td>\n<td class=\"second-tab-2\">2016<\/td>\n<td class=\"second-tab-2\">Rikonstruksion<\/td>\n<\/tr>\n<tr class=\"background-color\">\n<td class=\"first-tab\">32<\/td>\n<td class=\"first-tab\">Rehabilitimi i impiantit 110KV t\u00eb n\u00ebn-stacionit La\u00e7 1<\/td>\n<td class=\"second-tab-2\">OST<\/td>\n<td class=\"second-tab-2\">Kurbin<\/td>\n<td class=\"second-tab-2\">2016<\/td>\n<td class=\"second-tab-2\">Rikonstruksion<\/td>\n<\/tr>\n<tr>\n<td class=\"first-tab\">33<\/td>\n<td class=\"first-tab\">Rikonstruksion uj\u00ebsjell\u00ebsi, fshati Ndroq<\/td>\n<td class=\"second-tab-2\">UKT Tiran\u00eb<\/td>\n<td class=\"second-tab-2\">Tiran\u00eb<\/td>\n<td class=\"second-tab-2\">14.12.2016<\/td>\n<td class=\"second-tab-2\"><\/td>\n<\/tr>\n<tr class=\"background-color\">\n<td class=\"first-tab\">34<\/td>\n<td class=\"first-tab\">Rehabilitimi i impiantit 110KV t\u00eb n\u00ebn-stacionit La\u00e7 1<\/td>\n<td class=\"second-tab-2\">OST<\/td>\n<td class=\"second-tab-2\">Kurbin<\/td>\n<td class=\"second-tab-2\">2017<\/td>\n<td class=\"second-tab-2\">Nd\u00ebrtim i ri<\/td>\n<\/tr>\n<tr>\n<td class=\"first-tab\">35<\/td>\n<td class=\"first-tab\">Rikontruksion i fasadave t\u00eb godinave publike tek Rruga e Dibr\u00ebs<\/td>\n<td class=\"second-tab-2\">Bashkia Tiran\u00eb<\/td>\n<td class=\"second-tab-2\">Tiran\u00eb<\/td>\n<td class=\"second-tab-2\">2017<\/td>\n<td class=\"second-tab-2\">Rikonstruksion<\/td>\n<\/tr>\n<tr class=\"background-color\">\n<td class=\"first-tab\">36<\/td>\n<td class=\"first-tab\">Rikonstruksion dhe rrethim i depove n\u00eb uj\u00ebsjellesat rajonal\u00eb, faza I<\/td>\n<td class=\"second-tab-2\">UKT<\/td>\n<td class=\"second-tab-2\">Tiran\u00eb<\/td>\n<td class=\"second-tab-2\">2018<\/td>\n<td class=\"second-tab-2\">Rikonstruksion<\/td>\n<\/tr>\n<tr>\n<td class=\"first-tab\">37<\/td>\n<td class=\"first-tab\">Furnizim dyer, dritare duralumin (plastik\u00eb)<\/td>\n<td class=\"second-tab-2\">Drejtoria e P\u00ebrgjithshme Nr. 3 e Pun\u00ebtor\u00ebve<\/td>\n<td class=\"second-tab-2\">Tiran\u00eb<\/td>\n<td class=\"second-tab-2\">2018<\/td>\n<td class=\"second-tab-2\">Rikonstruksion<\/td>\n<\/tr>\n<\/tbody>\n<\/table>\n<p>[\/et_pb_text][\/et_pb_column][\/et_pb_row][\/et_pb_section]<\/p>\n","protected":false},"excerpt":{"rendered":"<p>Nd\u00ebrtime t\u00eb ndryshme.Lista e projekteve t\u00eb nd\u00ebrmarra ngaEverest Construction Group, rreth nd\u00ebrtimit, rikonstruktimit dhe pun\u00ebve t\u00eb ndryshme n\u00eb lidhje me objekte dhe godina t\u00eb shumta n\u00eb Shqip\u00ebri. # Emri i projektit Investitori Qyteti Data e p\u00ebrfundimit P\u00ebrshkrimi i projektit 1 Rikonstruksioni i Spitalit Neurologjik Ministria e Sh\u00ebndet\u00ebsis\u00eb Tiran\u00eb 2000 Rikonstruksion 2 Nd\u00ebrtimi i Gjykat\u00ebs Mat [&hellip;]<\/p>\n","protected":false},"author":5,"featured_media":0,"parent":4194,"menu_order":0,"comment_status":"closed","ping_status":"closed","template":"","meta":{"_et_pb_use_builder":"on","_et_pb_old_content":"","_et_gb_content_width":"","footnotes":""},"class_list":["post-4547","page","type-page","status-publish","hentry"],"_links":{"self":[{"href":"https:\/\/www.everest.al\/sq\/wp-json\/wp\/v2\/pages\/4547","targetHints":{"allow":["GET"]}}],"collection":[{"href":"https:\/\/www.everest.al\/sq\/wp-json\/wp\/v2\/pages"}],"about":[{"href":"https:\/\/www.everest.al\/sq\/wp-json\/wp\/v2\/types\/page"}],"author":[{"embeddable":true,"href":"https:\/\/www.everest.al\/sq\/wp-json\/wp\/v2\/users\/5"}],"replies":[{"embeddable":true,"href":"https:\/\/www.everest.al\/sq\/wp-json\/wp\/v2\/comments?post=4547"}],"version-history":[{"count":7,"href":"https:\/\/www.everest.al\/sq\/wp-json\/wp\/v2\/pages\/4547\/revisions"}],"predecessor-version":[{"id":4636,"href":"https:\/\/www.everest.al\/sq\/wp-json\/wp\/v2\/pages\/4547\/revisions\/4636"}],"up":[{"embeddable":true,"href":"https:\/\/www.everest.al\/sq\/wp-json\/wp\/v2\/pages\/4194"}],"wp:attachment":[{"href":"https:\/\/www.everest.al\/sq\/wp-json\/wp\/v2\/media?parent=4547"}],"curies":[{"name":"wp","href":"https:\/\/api.w.org\/{rel}","templated":true}]}}