{"id":4194,"date":"2020-04-16T11:49:51","date_gmt":"2020-04-16T10:49:51","guid":{"rendered":"https:\/\/everest.al\/construction\/"},"modified":"2020-04-23T11:39:48","modified_gmt":"2020-04-23T10:39:48","slug":"ndertim","status":"publish","type":"page","link":"https:\/\/www.everest.al\/sq\/ndertim\/","title":{"rendered":"Nd\u00ebrtim"},"content":{"rendered":"<p>[et_pb_section fb_built=&#8221;1&#8243; module_class=&#8221;section-automotive&#8221; _builder_version=&#8221;4.4.2&#8243; background_color=&#8221;rgba(0,0,0,0.74)&#8221; background_image=&#8221;https:\/\/everest.al\/wp-content\/uploads\/2020\/04\/Everest-Construction-Group-Astoria-New-York-Render-2.jpeg&#8221; background_blend=&#8221;overlay&#8221; min_height_tablet=&#8221;&#8221; min_height_phone=&#8221;&#8221; min_height_last_edited=&#8221;on|desktop&#8221; height_tablet=&#8221;&#8221; height_phone=&#8221;&#8221; height_last_edited=&#8221;on|phone&#8221; custom_margin=&#8221;||||false|false&#8221; custom_padding=&#8221;70px||70px||false|false&#8221; da_disable_devices=&#8221;off|off|off&#8221; da_is_popup=&#8221;off&#8221; da_exit_intent=&#8221;off&#8221; da_has_close=&#8221;on&#8221; da_alt_close=&#8221;off&#8221; da_dark_close=&#8221;off&#8221; da_not_modal=&#8221;on&#8221; da_is_singular=&#8221;off&#8221; da_with_loader=&#8221;off&#8221; da_has_shadow=&#8221;on&#8221;][et_pb_row column_structure=&#8221;2_5,3_5&#8243; _builder_version=&#8221;4.4.2&#8243; background_enable_color=&#8221;off&#8221; min_height_tablet=&#8221;&#8221; min_height_phone=&#8221;&#8221; min_height_last_edited=&#8221;on|tablet&#8221; height_tablet=&#8221;&#8221; height_phone=&#8221;&#8221; height_last_edited=&#8221;on|phone&#8221; max_height_tablet=&#8221;&#8221; max_height_phone=&#8221;&#8221; max_height_last_edited=&#8221;on|phone&#8221;][et_pb_column type=&#8221;2_5&#8243; module_id=&#8221;kolona-automotive&#8221; module_class=&#8221;kolona-automotive&#8221; _builder_version=&#8221;4.4.2&#8243; background_color=&#8221;rgba(0,0,0,0.66)&#8221; background_enable_color=&#8221;on&#8221; custom_padding=&#8221;|50px|50px|50px|false|false&#8221; custom_padding_tablet=&#8221;|0px||0px|false|false&#8221; custom_padding_phone=&#8221;&#8221; custom_padding_last_edited=&#8221;on|phone&#8221;][et_pb_text module_id=&#8221;titulli&#8221; module_class=&#8221;title-automotive&#8221; _builder_version=&#8221;4.4.2&#8243; text_font=&#8221;Barlow|700|||||||&#8221; text_text_color=&#8221;#ffffff&#8221; text_font_size=&#8221;35px&#8221; background_enable_image=&#8221;off&#8221; custom_padding=&#8221;50px||||false|false&#8221; custom_padding_tablet=&#8221;|||100px|false|false&#8221; custom_padding_phone=&#8221;|50px||50px|false|false&#8221; custom_padding_last_edited=&#8221;on|tablet&#8221; text_font_size_tablet=&#8221;35px&#8221; text_font_size_phone=&#8221;25px&#8221; text_font_size_last_edited=&#8221;on|phone&#8221;]Nd\u00ebrtim<span style=\"color: #ffef10;\">.<\/span>[\/et_pb_text][et_pb_text module_id=&#8221;teksti&#8221; module_class=&#8221;proj-description&#8221; _builder_version=&#8221;4.4.2&#8243; text_font=&#8221;Raleway|300|||||||&#8221; text_text_color=&#8221;#ffffff&#8221; text_font_size=&#8221;17px&#8221; text_line_height=&#8221;1.8em&#8221; custom_padding=&#8221;||||false|false&#8221; custom_padding_tablet=&#8221;|100px||100px|false|false&#8221; custom_padding_phone=&#8221;|50px||50px|false|false&#8221; custom_padding_last_edited=&#8221;on|phone&#8221; text_font_size_tablet=&#8221;&#8221; text_font_size_phone=&#8221;15px&#8221; text_font_size_last_edited=&#8221;on|phone&#8221; text_line_height_tablet=&#8221;&#8221; text_line_height_phone=&#8221;1.7em&#8221; text_line_height_last_edited=&#8221;on|phone&#8221;]<\/p>\n<p class=\"project-descr\" style=\"text-align: justify;\">Si kontraktues i p\u00ebrgjithsh\u00ebm, s\u00eb pari krijojm\u00eb nivelin m\u00eb t\u00eb lart\u00eb t\u00eb besimit dhe integritetit me klient\u00ebt tan\u00eb. Ne e vler\u00ebsojm\u00eb rolin ton\u00eb n\u00eb suksesin e projektit tuaj. K\u00ebtu jan\u00eb disa nga projektet tona nd\u00ebrkomb\u00ebtare.<\/p>\n<p>[\/et_pb_text][\/et_pb_column][et_pb_column type=&#8221;3_5&#8243; _builder_version=&#8221;4.4.2&#8243;][\/et_pb_column][\/et_pb_row][\/et_pb_section][et_pb_section fb_built=&#8221;1&#8243; _builder_version=&#8221;4.4.3&#8243; custom_margin=&#8221;0px||0px||false|false&#8221; custom_padding=&#8221;0px||0px||false|false&#8221; da_disable_devices=&#8221;off|off|off&#8221; da_is_popup=&#8221;off&#8221; da_exit_intent=&#8221;off&#8221; da_has_close=&#8221;on&#8221; da_alt_close=&#8221;off&#8221; da_dark_close=&#8221;off&#8221; da_not_modal=&#8221;on&#8221; da_is_singular=&#8221;off&#8221; da_with_loader=&#8221;off&#8221; da_has_shadow=&#8221;on&#8221;][et_pb_row column_structure=&#8221;1_2,1_2&#8243; use_custom_gutter=&#8221;on&#8221; gutter_width=&#8221;1&#8243; _builder_version=&#8221;4.4.3&#8243; width=&#8221;100%&#8221; max_width=&#8221;1920px&#8221; custom_margin=&#8221;||0px||false|false&#8221; custom_padding=&#8221;0px||0px||false|false&#8221;][et_pb_column type=&#8221;1_2&#8243; _builder_version=&#8221;4.4.3&#8243; _dynamic_attributes=&#8221;link_option_url&#8221; background_color=&#8221;rgba(0,0,0,0.33)&#8221; background_enable_color=&#8221;on&#8221; background_image=&#8221;https:\/\/everest.al\/wp-content\/uploads\/2020\/04\/Everest-Construction-Group-Astoria-New-York-Render-1.jpeg&#8221; background_enable_image=&#8221;on&#8221; background_blend=&#8221;overlay&#8221; animation_style=&#8221;fold&#8221; animation_duration=&#8221;900ms&#8221; animation_delay=&#8221;750ms&#8221; link_option_url=&#8221;@ET-DC@eyJkeW5hbWljIjp0cnVlLCJjb250ZW50IjoicG9zdF9saW5rX3VybF9wYWdlIiwic2V0dGluZ3MiOnsicG9zdF9pZCI6IjQ1MTYifX0=@&#8221; background__hover_enabled=&#8221;on|desktop&#8221; background_image__hover=&#8221;https:\/\/everest.al\/wp-content\/uploads\/2020\/04\/Everest-Construction-Group-Astoria-New-York-Render-1.jpeg&#8221; background_enable_image__hover=&#8221;on&#8221;][et_pb_text _builder_version=&#8221;4.4.1&#8243; text_font=&#8221;|300|||||||&#8221; text_text_color=&#8221;#ffffff&#8221; text_font_size=&#8221;15px&#8221; text_line_height=&#8221;1.8em&#8221; custom_margin=&#8221;30px||||false|false&#8221; custom_padding=&#8221;|50px||50px|false|false&#8221; text_font_size_tablet=&#8221;&#8221; text_font_size_phone=&#8221;25px&#8221; text_font_size_last_edited=&#8221;on|phone&#8221;]<\/p>\n<p class=\"text-proj\" style=\"text-align: right;\"><img loading=\"lazy\" decoding=\"async\" src=\"https:\/\/everest.al\/wp-content\/uploads\/2020\/03\/pin-1.png\" width=\"20\" height=\"20\" alt=\"\" class=\"wp-image-3484 alignnone size-full\" \/> Astoria, NY<\/p>\n<p>[\/et_pb_text][et_pb_divider show_divider=&#8221;off&#8221; _builder_version=&#8221;4.4.1&#8243; custom_margin=&#8221;300px||200px||false|false&#8221;][\/et_pb_divider][et_pb_text _builder_version=&#8221;4.4.1&#8243; text_font=&#8221;|700|||||||&#8221; text_text_color=&#8221;#ffffff&#8221; text_font_size=&#8221;35px&#8221; text_line_height=&#8221;1.8em&#8221; custom_margin=&#8221;||50px||false|false&#8221; custom_padding=&#8221;|50px||50px|false|false&#8221; text_font_size_tablet=&#8221;&#8221; text_font_size_phone=&#8221;25px&#8221; text_font_size_last_edited=&#8221;on|phone&#8221;]<\/p>\n<p class=\"text-proj\">23-09 Broadway \u27f6<\/p>\n<p>[\/et_pb_text][\/et_pb_column][et_pb_column type=&#8221;1_2&#8243; _builder_version=&#8221;4.4.3&#8243; _dynamic_attributes=&#8221;link_option_url&#8221; background_color=&#8221;rgba(0,0,0,0.33)&#8221; background_enable_color=&#8221;on&#8221; background_image=&#8221;https:\/\/everest.al\/wp-content\/uploads\/2020\/04\/Everest-Construction-Group-18-Monitor-Street.jpg&#8221; background_enable_image=&#8221;on&#8221; background_blend=&#8221;overlay&#8221; animation_style=&#8221;fold&#8221; animation_duration=&#8221;900ms&#8221; animation_delay=&#8221;750ms&#8221; link_option_url=&#8221;@ET-DC@eyJkeW5hbWljIjp0cnVlLCJjb250ZW50IjoicG9zdF9saW5rX3VybF9wYWdlIiwic2V0dGluZ3MiOnsicG9zdF9pZCI6IjQ1MDYifX0=@&#8221; background__hover_enabled=&#8221;on|desktop&#8221; background_image__hover=&#8221;https:\/\/everest.al\/wp-content\/uploads\/2020\/04\/Everest-Construction-Group-18-Monitor-Street.jpg&#8221; background_enable_image__hover=&#8221;on&#8221;][et_pb_text _builder_version=&#8221;4.4.1&#8243; text_font=&#8221;|300|||||||&#8221; text_text_color=&#8221;#ffffff&#8221; text_font_size=&#8221;15px&#8221; text_line_height=&#8221;1.8em&#8221; custom_margin=&#8221;30px||||false|false&#8221; custom_padding=&#8221;|50px||50px|false|false&#8221; text_font_size_tablet=&#8221;&#8221; text_font_size_phone=&#8221;25px&#8221; text_font_size_last_edited=&#8221;on|phone&#8221;]<\/p>\n<p class=\"text-proj\" style=\"text-align: right;\"><img loading=\"lazy\" decoding=\"async\" src=\"https:\/\/everest.al\/wp-content\/uploads\/2020\/03\/pin-1.png\" width=\"20\" height=\"20\" alt=\"\" class=\"wp-image-3484 alignnone size-full\" \/> Brooklyn, NY<\/p>\n<p>[\/et_pb_text][et_pb_divider show_divider=&#8221;off&#8221; _builder_version=&#8221;4.4.1&#8243; custom_margin=&#8221;300px||200px||false|false&#8221;][\/et_pb_divider][et_pb_text _builder_version=&#8221;4.4.1&#8243; text_font=&#8221;|700|||||||&#8221; text_text_color=&#8221;#ffffff&#8221; text_font_size=&#8221;35px&#8221; text_line_height=&#8221;1.8em&#8221; custom_margin=&#8221;||50px||false|false&#8221; custom_padding=&#8221;|50px||50px|false|false&#8221; text_font_size_tablet=&#8221;&#8221; text_font_size_phone=&#8221;25px&#8221; text_font_size_last_edited=&#8221;on|phone&#8221;]<\/p>\n<p class=\"text-proj\">18 Monitor Street \u27f6<\/p>\n<p>[\/et_pb_text][\/et_pb_column][\/et_pb_row][et_pb_row column_structure=&#8221;1_3,1_3,1_3&#8243; use_custom_gutter=&#8221;on&#8221; gutter_width=&#8221;1&#8243; _builder_version=&#8221;4.4.3&#8243; width=&#8221;100%&#8221; max_width=&#8221;1920px&#8221; custom_margin=&#8221;0px||0px||false|false&#8221; custom_padding=&#8221;0px||0px||false|false&#8221;][et_pb_column type=&#8221;1_3&#8243; _builder_version=&#8221;4.4.3&#8243; _dynamic_attributes=&#8221;link_option_url&#8221; background_color=&#8221;rgba(0,0,0,0.33)&#8221; background_enable_color=&#8221;on&#8221; background_image=&#8221;https:\/\/everest.al\/wp-content\/uploads\/2020\/04\/Everest-Construction-Group-General-Constructions-in-Albania.jpg&#8221; background_enable_image=&#8221;on&#8221; background_blend=&#8221;overlay&#8221; animation_style=&#8221;fold&#8221; animation_duration=&#8221;900ms&#8221; animation_delay=&#8221;750ms&#8221; link_option_url=&#8221;@ET-DC@eyJkeW5hbWljIjp0cnVlLCJjb250ZW50IjoicG9zdF9saW5rX3VybF9wYWdlIiwic2V0dGluZ3MiOnsicG9zdF9pZCI6IjQwMjMifX0=@&#8221; background__hover_enabled=&#8221;on|desktop&#8221; background_image__hover=&#8221;https:\/\/everest.al\/wp-content\/uploads\/2020\/04\/Everest-Construction-Group-General-Constructions-in-Albania.jpg&#8221; background_enable_image__hover=&#8221;on&#8221;][et_pb_text _builder_version=&#8221;4.4.2&#8243; text_font=&#8221;|300|||||||&#8221; text_text_color=&#8221;#ffffff&#8221; text_font_size=&#8221;15px&#8221; text_line_height=&#8221;1.8em&#8221; custom_margin=&#8221;30px||||false|false&#8221; custom_padding=&#8221;|50px||50px|false|false&#8221; text_font_size_tablet=&#8221;&#8221; text_font_size_phone=&#8221;25px&#8221; text_font_size_last_edited=&#8221;on|phone&#8221;]<\/p>\n<p class=\"text-proj\" style=\"text-align: right;\"><img loading=\"lazy\" decoding=\"async\" src=\"https:\/\/everest.al\/wp-content\/uploads\/2020\/03\/pin-1.png\" width=\"20\" height=\"20\" alt=\"\" class=\"wp-image-3484 alignnone size-full\" \/> Shqip\u00ebri<\/p>\n<p>[\/et_pb_text][et_pb_divider show_divider=&#8221;off&#8221; _builder_version=&#8221;4.4.1&#8243; custom_margin=&#8221;300px||200px||false|false&#8221;][\/et_pb_divider][et_pb_text _builder_version=&#8221;4.4.2&#8243; text_font=&#8221;Barlow|700|||||||&#8221; text_text_color=&#8221;#ffffff&#8221; text_font_size=&#8221;35px&#8221; text_line_height=&#8221;1.8em&#8221; custom_margin=&#8221;||50px||false|false&#8221; custom_padding=&#8221;|50px||50px|false|false&#8221; text_font_size_tablet=&#8221;&#8221; text_font_size_phone=&#8221;25px&#8221; text_font_size_last_edited=&#8221;on|phone&#8221;]<\/p>\n<p class=\"text-proj\">Nd\u00ebrtime t\u00eb ndryshme \u27f6<\/p>\n<p>[\/et_pb_text][\/et_pb_column][et_pb_column type=&#8221;1_3&#8243; _builder_version=&#8221;4.4.3&#8243; _dynamic_attributes=&#8221;link_option_url&#8221; background_color=&#8221;rgba(0,0,0,0.33)&#8221; background_enable_color=&#8221;on&#8221; background_image=&#8221;https:\/\/everest.al\/wp-content\/uploads\/2020\/04\/Everest-Construction-Group-Sphinx-Construction-Project-Albania-Durres.jpg&#8221; background_enable_image=&#8221;on&#8221; background_blend=&#8221;overlay&#8221; animation_style=&#8221;fold&#8221; animation_duration=&#8221;900ms&#8221; animation_delay=&#8221;750ms&#8221; link_option_url=&#8221;@ET-DC@eyJkeW5hbWljIjp0cnVlLCJjb250ZW50IjoicG9zdF9saW5rX3VybF9wYWdlIiwic2V0dGluZ3MiOnsicG9zdF9pZCI6IjM1NDIifX0=@&#8221; background__hover_enabled=&#8221;on|desktop&#8221; background_image__hover=&#8221;https:\/\/everest.al\/wp-content\/uploads\/2020\/04\/Everest-Construction-Group-Sphinx-Construction-Project-Albania-Durres.jpg&#8221; background_enable_image__hover=&#8221;on&#8221;][et_pb_text _builder_version=&#8221;4.4.2&#8243; text_font=&#8221;|300|||||||&#8221; text_text_color=&#8221;#ffffff&#8221; text_font_size=&#8221;15px&#8221; text_line_height=&#8221;1.8em&#8221; custom_margin=&#8221;30px||||false|false&#8221; custom_padding=&#8221;|50px||50px|false|false&#8221; text_font_size_tablet=&#8221;&#8221; text_font_size_phone=&#8221;25px&#8221; text_font_size_last_edited=&#8221;on|phone&#8221;]<\/p>\n<p class=\"text-proj\" style=\"text-align: right;\"><img loading=\"lazy\" decoding=\"async\" src=\"https:\/\/everest.al\/wp-content\/uploads\/2020\/03\/pin-1.png\" width=\"20\" height=\"20\" alt=\"\" class=\"wp-image-3484 alignnone size-full\" \/> Shqip\u00ebri<\/p>\n<p>[\/et_pb_text][et_pb_divider show_divider=&#8221;off&#8221; _builder_version=&#8221;4.4.1&#8243; custom_margin=&#8221;300px||200px||false|false&#8221;][\/et_pb_divider][et_pb_text _builder_version=&#8221;4.4.2&#8243; text_font=&#8221;Barlow|700|||||||&#8221; text_text_color=&#8221;#ffffff&#8221; text_font_size=&#8221;35px&#8221; text_line_height=&#8221;1.8em&#8221; custom_margin=&#8221;||50px||false|false&#8221; custom_padding=&#8221;|50px||50px|false|false&#8221; text_font_size_tablet=&#8221;&#8221; text_font_size_phone=&#8221;25px&#8221; text_font_size_last_edited=&#8221;on|phone&#8221;]<\/p>\n<p class=\"text-proj\">Sphinx \u27f6<\/p>\n<p>[\/et_pb_text][\/et_pb_column][et_pb_column type=&#8221;1_3&#8243; module_class=&#8221;kolona1&#8243; _builder_version=&#8221;4.4.3&#8243; _dynamic_attributes=&#8221;link_option_url&#8221; background_color=&#8221;rgba(0,0,0,0.33)&#8221; background_enable_color=&#8221;on&#8221; background_image=&#8221;https:\/\/everest.al\/wp-content\/uploads\/2020\/04\/Everest-Construction-Durres-City-Center-6-1.jpeg&#8221; background_enable_image=&#8221;on&#8221; background_blend=&#8221;overlay&#8221; animation_style=&#8221;fold&#8221; animation_duration=&#8221;900ms&#8221; animation_delay=&#8221;750ms&#8221; link_option_url=&#8221;@ET-DC@eyJkeW5hbWljIjp0cnVlLCJjb250ZW50IjoicG9zdF9saW5rX3VybF9wYWdlIiwic2V0dGluZ3MiOnsicG9zdF9pZCI6IjM2NjUifX0=@&#8221; border_color_all=&#8221;#ffef10&#8243; border_radii__hover_enabled=&#8221;on|hover&#8221; border_radii__hover=&#8221;on||||&#8221; border_style_all__hover_enabled=&#8221;on|hover&#8221; border_width_all__hover_enabled=&#8221;on|hover&#8221; transform_styles__hover_enabled=&#8221;on|hover&#8221; transform_scale__hover_enabled=&#8221;on|hover&#8221; transform_translate__hover_enabled=&#8221;on|hover&#8221; transform_rotate__hover_enabled=&#8221;on|hover&#8221; transform_skew__hover_enabled=&#8221;on|hover&#8221; transform_origin__hover_enabled=&#8221;on|hover&#8221; background__hover_enabled=&#8221;on|desktop&#8221; background_image__hover=&#8221;https:\/\/everest.al\/wp-content\/uploads\/2020\/04\/Everest-Construction-Durres-City-Center-6-1.jpeg&#8221; background_enable_image__hover=&#8221;on&#8221; background_color__hover=&#8221;&#8221; background_enable_color__hover=&#8221;off&#8221;][et_pb_text _builder_version=&#8221;4.4.2&#8243; text_font=&#8221;|300|||||||&#8221; text_text_color=&#8221;#ffffff&#8221; text_font_size=&#8221;15px&#8221; text_line_height=&#8221;1.8em&#8221; custom_margin=&#8221;30px||||false|false&#8221; custom_padding=&#8221;|50px||50px|false|false&#8221; text_font_size_tablet=&#8221;&#8221; text_font_size_phone=&#8221;25px&#8221; text_font_size_last_edited=&#8221;on|phone&#8221;]<\/p>\n<p class=\"text-proj\" style=\"text-align: right;\"><img loading=\"lazy\" decoding=\"async\" src=\"https:\/\/everest.al\/wp-content\/uploads\/2020\/03\/pin-1.png\" width=\"20\" height=\"20\" alt=\"\" class=\"wp-image-3484 alignnone size-full\" \/> Shqip\u00ebri<\/p>\n<p>[\/et_pb_text][et_pb_divider show_divider=&#8221;off&#8221; _builder_version=&#8221;4.4.1&#8243; custom_margin=&#8221;300px||200px||false|false&#8221;][\/et_pb_divider][et_pb_text _builder_version=&#8221;4.4.2&#8243; text_font=&#8221;Barlow|700|||||||&#8221; text_text_color=&#8221;#ffffff&#8221; text_font_size=&#8221;35px&#8221; text_line_height=&#8221;1.8em&#8221; custom_margin=&#8221;||50px||false|false&#8221; custom_padding=&#8221;|50px||50px|false|false&#8221; text_font_size_tablet=&#8221;&#8221; text_font_size_phone=&#8221;25px&#8221; text_font_size_last_edited=&#8221;on|phone&#8221;]<\/p>\n<p class=\"text-proj\">Durr\u00ebs: Qendra e qytetit \u27f6<\/p>\n<p>[\/et_pb_text][\/et_pb_column][\/et_pb_row][et_pb_row column_structure=&#8221;1_3,1_3,1_3&#8243; use_custom_gutter=&#8221;on&#8221; gutter_width=&#8221;1&#8243; _builder_version=&#8221;4.4.3&#8243; width=&#8221;100%&#8221; max_width=&#8221;1920px&#8221; custom_margin=&#8221;0px||0px||false|false&#8221; custom_padding=&#8221;0px||0px||false|false&#8221; hover_enabled=&#8221;0&#8243;][et_pb_column type=&#8221;1_3&#8243; _builder_version=&#8221;4.4.3&#8243; _dynamic_attributes=&#8221;link_option_url&#8221; background_color=&#8221;rgba(0,0,0,0.33)&#8221; background_enable_color=&#8221;on&#8221; background_image=&#8221;https:\/\/everest.al\/wp-content\/uploads\/2020\/04\/Everest-Construction-Group-Roads-Construction-Image-5.jpeg&#8221; background_enable_image=&#8221;on&#8221; background_blend=&#8221;overlay&#8221; animation_style=&#8221;fold&#8221; animation_duration=&#8221;900ms&#8221; animation_delay=&#8221;750ms&#8221; link_option_url=&#8221;@ET-DC@eyJkeW5hbWljIjp0cnVlLCJjb250ZW50IjoicG9zdF9saW5rX3VybF9wYWdlIiwic2V0dGluZ3MiOnsicG9zdF9pZCI6IjQ3NjIifX0=@&#8221; hover_enabled=&#8221;0&#8243; background__hover_enabled=&#8221;on|hover&#8221; background_image__hover=&#8221;https:\/\/everest.al\/wp-content\/uploads\/2020\/04\/Everest-Construction-Group-Roads-Construction-Image-5.jpeg&#8221; background_enable_image__hover=&#8221;on&#8221;][et_pb_text _builder_version=&#8221;4.4.2&#8243; text_font=&#8221;|300|||||||&#8221; text_text_color=&#8221;#ffffff&#8221; text_font_size=&#8221;15px&#8221; text_line_height=&#8221;1.8em&#8221; custom_margin=&#8221;30px||||false|false&#8221; custom_padding=&#8221;|50px||50px|false|false&#8221; text_font_size_tablet=&#8221;&#8221; text_font_size_phone=&#8221;25px&#8221; text_font_size_last_edited=&#8221;on|phone&#8221;]<\/p>\n<p class=\"text-proj\" style=\"text-align: right;\"><img loading=\"lazy\" decoding=\"async\" src=\"https:\/\/everest.al\/wp-content\/uploads\/2020\/03\/pin-1.png\" width=\"20\" height=\"20\" alt=\"\" class=\"wp-image-3484 alignnone size-full\" \/> Shqip\u00ebri<\/p>\n<p>[\/et_pb_text][et_pb_divider show_divider=&#8221;off&#8221; _builder_version=&#8221;4.4.1&#8243; custom_margin=&#8221;300px||200px||false|false&#8221;][\/et_pb_divider][et_pb_text _builder_version=&#8221;4.4.2&#8243; text_font=&#8221;Barlow|700|||||||&#8221; text_text_color=&#8221;#ffffff&#8221; text_font_size=&#8221;35px&#8221; text_line_height=&#8221;1.8em&#8221; custom_margin=&#8221;||50px||false|false&#8221; custom_padding=&#8221;|50px||50px|false|false&#8221; text_font_size_tablet=&#8221;&#8221; text_font_size_phone=&#8221;25px&#8221; text_font_size_last_edited=&#8221;on|phone&#8221;]<\/p>\n<p class=\"text-proj\">Nd\u00ebrtime rrug\u00ebsh \u27f6<\/p>\n<p>[\/et_pb_text][\/et_pb_column][et_pb_column type=&#8221;1_3&#8243; module_class=&#8221;kolona1&#8243; _builder_version=&#8221;4.4.3&#8243; _dynamic_attributes=&#8221;link_option_url&#8221; background_color=&#8221;rgba(0,0,0,0.33)&#8221; background_enable_color=&#8221;on&#8221; background_image=&#8221;https:\/\/everest.al\/wp-content\/uploads\/2020\/04\/ce741ecf-d131-4ea4-93bb-7640270db07c.jpg&#8221; background_enable_image=&#8221;on&#8221; background_blend=&#8221;overlay&#8221; animation_style=&#8221;fold&#8221; animation_duration=&#8221;900ms&#8221; animation_delay=&#8221;750ms&#8221; link_option_url=&#8221;@ET-DC@eyJkeW5hbWljIjp0cnVlLCJjb250ZW50IjoicG9zdF9saW5rX3VybF9wYWdlIiwic2V0dGluZ3MiOnsicG9zdF9pZCI6IjQwNDYifX0=@&#8221; hover_enabled=&#8221;0&#8243; border_color_all=&#8221;#ffef10&#8243; border_radii__hover_enabled=&#8221;on|hover&#8221; border_radii__hover=&#8221;on||||&#8221; border_style_all__hover_enabled=&#8221;on|hover&#8221; border_width_all__hover_enabled=&#8221;on|hover&#8221; transform_styles__hover_enabled=&#8221;on|hover&#8221; transform_scale__hover_enabled=&#8221;on|hover&#8221; transform_translate__hover_enabled=&#8221;on|hover&#8221; transform_rotate__hover_enabled=&#8221;on|hover&#8221; transform_skew__hover_enabled=&#8221;on|hover&#8221; transform_origin__hover_enabled=&#8221;on|hover&#8221; background__hover_enabled=&#8221;on|hover&#8221; background_image__hover=&#8221;https:\/\/everest.al\/wp-content\/uploads\/2020\/04\/ce741ecf-d131-4ea4-93bb-7640270db07c.jpg&#8221; background_enable_image__hover=&#8221;on&#8221; background_color__hover=&#8221;&#8221; background_enable_color__hover=&#8221;off&#8221;][et_pb_text _builder_version=&#8221;4.4.2&#8243; text_font=&#8221;|300|||||||&#8221; text_text_color=&#8221;#ffffff&#8221; text_font_size=&#8221;15px&#8221; text_line_height=&#8221;1.8em&#8221; custom_margin=&#8221;30px||||false|false&#8221; custom_padding=&#8221;|50px||50px|false|false&#8221; text_font_size_tablet=&#8221;&#8221; text_font_size_phone=&#8221;25px&#8221; text_font_size_last_edited=&#8221;on|phone&#8221;]<\/p>\n<p class=\"text-proj\" style=\"text-align: right;\"><img loading=\"lazy\" decoding=\"async\" src=\"https:\/\/everest.al\/wp-content\/uploads\/2020\/03\/pin-1.png\" width=\"20\" height=\"20\" alt=\"\" class=\"wp-image-3484 alignnone size-full\" \/>  Shqip\u00ebri<\/p>\n<p>[\/et_pb_text][et_pb_divider show_divider=&#8221;off&#8221; _builder_version=&#8221;4.4.1&#8243; custom_margin=&#8221;300px||200px||false|false&#8221;][\/et_pb_divider][et_pb_text _builder_version=&#8221;4.4.2&#8243; text_font=&#8221;Barlow|700|||||||&#8221; text_text_color=&#8221;#ffffff&#8221; text_font_size=&#8221;35px&#8221; text_line_height=&#8221;1.8em&#8221; custom_margin=&#8221;||50px||false|false&#8221; custom_padding=&#8221;|50px||50px|false|false&#8221; text_font_size_tablet=&#8221;&#8221; text_font_size_phone=&#8221;25px&#8221; text_font_size_last_edited=&#8221;on|phone&#8221;]<\/p>\n<p class=\"text-proj\">Shkolla\u27f6<\/p>\n<p>[\/et_pb_text][\/et_pb_column][et_pb_column type=&#8221;1_3&#8243; _builder_version=&#8221;4.4.3&#8243; _dynamic_attributes=&#8221;link_option_url&#8221; background_color=&#8221;rgba(0,0,0,0.33)&#8221; background_enable_color=&#8221;on&#8221; background_image=&#8221;https:\/\/everest.al\/wp-content\/uploads\/2020\/04\/Everest-Construction-Group-Antennas.jpg&#8221; background_enable_image=&#8221;on&#8221; background_blend=&#8221;overlay&#8221; animation_style=&#8221;fold&#8221; animation_duration=&#8221;900ms&#8221; animation_delay=&#8221;750ms&#8221; link_option_url=&#8221;@ET-DC@eyJkeW5hbWljIjp0cnVlLCJjb250ZW50IjoicG9zdF9saW5rX3VybF9wYWdlIiwic2V0dGluZ3MiOnsicG9zdF9pZCI6IjQ4MDYifX0=@&#8221; background__hover_enabled=&#8221;on|desktop&#8221; background_image__hover=&#8221;https:\/\/everest.al\/wp-content\/uploads\/2020\/04\/Everest-Construction-Group-Antennas.jpg&#8221; background_enable_image__hover=&#8221;on&#8221;][et_pb_text _builder_version=&#8221;4.4.2&#8243; text_font=&#8221;|300|||||||&#8221; text_text_color=&#8221;#ffffff&#8221; text_font_size=&#8221;15px&#8221; text_line_height=&#8221;1.8em&#8221; custom_margin=&#8221;30px||||false|false&#8221; custom_padding=&#8221;|50px||50px|false|false&#8221; text_font_size_tablet=&#8221;&#8221; text_font_size_phone=&#8221;25px&#8221; text_font_size_last_edited=&#8221;on|phone&#8221;]<\/p>\n<p class=\"text-proj\" style=\"text-align: right;\"><img loading=\"lazy\" decoding=\"async\" src=\"https:\/\/everest.al\/wp-content\/uploads\/2020\/03\/pin-1.png\" width=\"20\" height=\"20\" alt=\"\" class=\"wp-image-3484 alignnone size-full\" \/>  Shqip\u00ebri<\/p>\n<p>[\/et_pb_text][et_pb_divider show_divider=&#8221;off&#8221; _builder_version=&#8221;4.4.1&#8243; custom_margin=&#8221;300px||200px||false|false&#8221;][\/et_pb_divider][et_pb_text _builder_version=&#8221;4.4.2&#8243; text_font=&#8221;Barlow|700|||||||&#8221; text_text_color=&#8221;#ffffff&#8221; text_font_size=&#8221;35px&#8221; text_line_height=&#8221;1.8em&#8221; custom_margin=&#8221;||50px||false|false&#8221; custom_padding=&#8221;|50px||50px|false|false&#8221; text_font_size_tablet=&#8221;&#8221; text_font_size_phone=&#8221;25px&#8221; text_font_size_last_edited=&#8221;on|phone&#8221;]<\/p>\n<p class=\"text-proj\">Antena \u27f6<\/p>\n<p>[\/et_pb_text][\/et_pb_column][\/et_pb_row][\/et_pb_section]<\/p>\n","protected":false},"excerpt":{"rendered":"<p>Nd\u00ebrtim.Si kontraktues i p\u00ebrgjithsh\u00ebm, s\u00eb pari krijojm\u00eb nivelin m\u00eb t\u00eb lart\u00eb t\u00eb besimit dhe integritetit me klient\u00ebt tan\u00eb. Ne e vler\u00ebsojm\u00eb rolin ton\u00eb n\u00eb suksesin e projektit tuaj. K\u00ebtu jan\u00eb disa nga projektet tona nd\u00ebrkomb\u00ebtare. Astoria, NY23-09 Broadway \u27f6 Brooklyn, NY18 Monitor Street \u27f6 Shqip\u00ebriNd\u00ebrtime t\u00eb ndryshme \u27f6 Shqip\u00ebriSphinx \u27f6 Shqip\u00ebriDurr\u00ebs: Qendra e qytetit \u27f6 [&hellip;]<\/p>\n","protected":false},"author":5,"featured_media":0,"parent":0,"menu_order":0,"comment_status":"closed","ping_status":"closed","template":"","meta":{"_et_pb_use_builder":"on","_et_pb_old_content":"","_et_gb_content_width":"","footnotes":""},"class_list":["post-4194","page","type-page","status-publish","hentry"],"_links":{"self":[{"href":"https:\/\/www.everest.al\/sq\/wp-json\/wp\/v2\/pages\/4194","targetHints":{"allow":["GET"]}}],"collection":[{"href":"https:\/\/www.everest.al\/sq\/wp-json\/wp\/v2\/pages"}],"about":[{"href":"https:\/\/www.everest.al\/sq\/wp-json\/wp\/v2\/types\/page"}],"author":[{"embeddable":true,"href":"https:\/\/www.everest.al\/sq\/wp-json\/wp\/v2\/users\/5"}],"replies":[{"embeddable":true,"href":"https:\/\/www.everest.al\/sq\/wp-json\/wp\/v2\/comments?post=4194"}],"version-history":[{"count":11,"href":"https:\/\/www.everest.al\/sq\/wp-json\/wp\/v2\/pages\/4194\/revisions"}],"predecessor-version":[{"id":5874,"href":"https:\/\/www.everest.al\/sq\/wp-json\/wp\/v2\/pages\/4194\/revisions\/5874"}],"wp:attachment":[{"href":"https:\/\/www.everest.al\/sq\/wp-json\/wp\/v2\/media?parent=4194"}],"curies":[{"name":"wp","href":"https:\/\/api.w.org\/{rel}","templated":true}]}}