{"id":4130,"date":"2020-04-16T11:15:53","date_gmt":"2020-04-16T10:15:53","guid":{"rendered":"https:\/\/everest.al\/gallery\/"},"modified":"2020-04-16T11:36:50","modified_gmt":"2020-04-16T10:36:50","slug":"galeria","status":"publish","type":"page","link":"https:\/\/www.everest.al\/sq\/galeria\/","title":{"rendered":"Galeria"},"content":{"rendered":"<p>[et_pb_section fb_built=&#8221;1&#8243; _builder_version=&#8221;4.4.2&#8243; background_color=&#8221;#ffffff&#8221; border_color_bottom=&#8221;#ffef10&#8243;][et_pb_row column_structure=&#8221;1_3,1_3,1_3&#8243; _builder_version=&#8221;4.0.7&#8243;][et_pb_column type=&#8221;1_3&#8243; _builder_version=&#8221;4.0.7&#8243; _dynamic_attributes=&#8221;link_option_url&#8221; link_option_url=&#8221;@ET-DC@eyJkeW5hbWljIjp0cnVlLCJjb250ZW50IjoicG9zdF9saW5rX3VybF9wYWdlIiwic2V0dGluZ3MiOnsicG9zdF9pZCI6IjMzMzAifX0=@&#8221; border_width_all=&#8221;1px&#8221; border_color_all=&#8221;#e9e9e9&#8243; transform_styles__hover_enabled=&#8221;on|hover&#8221; transform_scale__hover_enabled=&#8221;on|hover&#8221; transform_translate__hover_enabled=&#8221;on|desktop&#8221; transform_rotate__hover_enabled=&#8221;on|desktop&#8221; transform_skew__hover_enabled=&#8221;on|desktop&#8221; transform_origin__hover_enabled=&#8221;on|desktop&#8221; transform_scale__hover=&#8221;105%|105%&#8221;][et_pb_blurb title=&#8221;Everest Zyrat Q\u00ebndrore&#8221; image=&#8221;https:\/\/everest.al\/wp-content\/uploads\/2020\/02\/Everest-Construction-Group-Headquarters-Gallery-Main-Photo.jpg&#8221; _builder_version=&#8221;4.4.2&#8243; header_text_color=&#8221;#000000&#8243; body_text_color=&#8221;#7d7d7d&#8221; custom_margin=&#8221;||30px||false|false&#8221; custom_padding=&#8221;10px|10px|10px|10px|true|true&#8221;]<\/p>\n<p>Shikoni m\u00eb nga af\u00ebr zyrat tona q\u00ebndrore, pasionin ton\u00eb p\u00ebr pun\u00eb dhe p\u00ebrkushtimin ton\u00eb t\u00eb madh t\u00eb asaj q\u00eb ne b\u00ebjm\u00eb p\u00ebr t\u00eb siguruar nj\u00eb m\u00ebnyr\u00eb jetese sa m\u00eb t\u00eb mir\u00eb dhe me stil.<\/p>\n<p>[\/et_pb_blurb][\/et_pb_column][et_pb_column type=&#8221;1_3&#8243; _builder_version=&#8221;4.0.7&#8243; _dynamic_attributes=&#8221;link_option_url&#8221; link_option_url=&#8221;@ET-DC@eyJkeW5hbWljIjp0cnVlLCJjb250ZW50IjoicG9zdF9saW5rX3VybF9wYWdlIiwic2V0dGluZ3MiOnsicG9zdF9pZCI6IjMzMzYifX0=@&#8221; border_width_all=&#8221;1px&#8221; border_color_all=&#8221;#e9e9e9&#8243; transform_styles__hover_enabled=&#8221;on|hover&#8221; transform_scale__hover_enabled=&#8221;on|hover&#8221; transform_translate__hover_enabled=&#8221;on|desktop&#8221; transform_rotate__hover_enabled=&#8221;on|desktop&#8221; transform_skew__hover_enabled=&#8221;on|desktop&#8221; transform_origin__hover_enabled=&#8221;on|desktop&#8221; transform_scale__hover=&#8221;105%|105%&#8221;][et_pb_blurb title=&#8221;Aplikime Sistemesh&#8221; image=&#8221;https:\/\/everest.al\/wp-content\/uploads\/2020\/02\/Everest-Construction-Group-Implementation-Gallery-Main-Photo.jpg&#8221; _builder_version=&#8221;4.4.2&#8243; header_text_color=&#8221;#000000&#8243; body_text_color=&#8221;#7d7d7d&#8221; custom_margin=&#8221;||30px||false|false&#8221; custom_padding=&#8221;10px|10px|10px|10px|true|true&#8221; hover_enabled=&#8221;0&#8243;]<\/p>\n<p>Hap\u00ebsirat e brendshme sht\u00ebpiake, hap\u00ebsirat e brendshme industriale dhe ato klasike t\u00eb gjitha t\u00eb b\u00ebra me integrimet e produkteve tona: sistemet alumini ose ato uPVC.<\/p>\n<p>[\/et_pb_blurb][\/et_pb_column][et_pb_column type=&#8221;1_3&#8243; _builder_version=&#8221;4.0.7&#8243; _dynamic_attributes=&#8221;link_option_url&#8221; link_option_url=&#8221;@ET-DC@eyJkeW5hbWljIjp0cnVlLCJjb250ZW50IjoicG9zdF9saW5rX3VybF9wYWdlIiwic2V0dGluZ3MiOnsicG9zdF9pZCI6IjMyODkifX0=@&#8221; border_width_all=&#8221;1px&#8221; border_color_all=&#8221;#e9e9e9&#8243; transform_styles__hover_enabled=&#8221;on|hover&#8221; transform_scale__hover_enabled=&#8221;on|hover&#8221; transform_translate__hover_enabled=&#8221;on|desktop&#8221; transform_rotate__hover_enabled=&#8221;on|desktop&#8221; transform_skew__hover_enabled=&#8221;on|desktop&#8221; transform_origin__hover_enabled=&#8221;on|desktop&#8221; transform_scale__hover=&#8221;105%|105%&#8221;][et_pb_blurb title=&#8221;Projekti: Fort Lee, New Jersey&#8221; image=&#8221;https:\/\/everest.al\/wp-content\/uploads\/2020\/02\/Everest-Construction-Group-Fort-Lee-New-Jersey-Project-Main-Photo.jpg&#8221; _builder_version=&#8221;4.4.2&#8243; header_text_color=&#8221;#000000&#8243; body_text_color=&#8221;#7d7d7d&#8221; custom_margin=&#8221;||30px||false|false&#8221; custom_padding=&#8221;10px|10px|10px|10px|true|true&#8221;]<\/p>\n<p>Shum\u00eb prej produkteve tona jan\u00eb p\u00ebrdorur n\u00eb k\u00ebt\u00eb projekt duke p\u00ebrfshir\u00eb 30 000 sisteme fasadash, 70 000 sisteme dritaresh, kapak\u00eb t\u00eb integruar, panele alumini t\u00eb p\u00ebrb\u00ebr\u00eb, etj..<\/p>\n<p>[\/et_pb_blurb][\/et_pb_column][\/et_pb_row][\/et_pb_section]<\/p>\n","protected":false},"excerpt":{"rendered":"<p>Shikoni m\u00eb nga af\u00ebr zyrat tona q\u00ebndrore, pasionin ton\u00eb p\u00ebr pun\u00eb dhe p\u00ebrkushtimin ton\u00eb t\u00eb madh t\u00eb asaj q\u00eb ne b\u00ebjm\u00eb p\u00ebr t\u00eb siguruar nj\u00eb m\u00ebnyr\u00eb jetese sa m\u00eb t\u00eb mir\u00eb dhe me stil.Hap\u00ebsirat e brendshme sht\u00ebpiake, hap\u00ebsirat e brendshme industriale dhe ato klasike t\u00eb gjitha t\u00eb b\u00ebra me integrimet e produkteve tona: sistemet alumini [&hellip;]<\/p>\n","protected":false},"author":5,"featured_media":0,"parent":0,"menu_order":0,"comment_status":"closed","ping_status":"closed","template":"","meta":{"_et_pb_use_builder":"on","_et_pb_old_content":"","_et_gb_content_width":"","footnotes":""},"class_list":["post-4130","page","type-page","status-publish","hentry"],"_links":{"self":[{"href":"https:\/\/www.everest.al\/sq\/wp-json\/wp\/v2\/pages\/4130","targetHints":{"allow":["GET"]}}],"collection":[{"href":"https:\/\/www.everest.al\/sq\/wp-json\/wp\/v2\/pages"}],"about":[{"href":"https:\/\/www.everest.al\/sq\/wp-json\/wp\/v2\/types\/page"}],"author":[{"embeddable":true,"href":"https:\/\/www.everest.al\/sq\/wp-json\/wp\/v2\/users\/5"}],"replies":[{"embeddable":true,"href":"https:\/\/www.everest.al\/sq\/wp-json\/wp\/v2\/comments?post=4130"}],"version-history":[{"count":5,"href":"https:\/\/www.everest.al\/sq\/wp-json\/wp\/v2\/pages\/4130\/revisions"}],"predecessor-version":[{"id":4169,"href":"https:\/\/www.everest.al\/sq\/wp-json\/wp\/v2\/pages\/4130\/revisions\/4169"}],"wp:attachment":[{"href":"https:\/\/www.everest.al\/sq\/wp-json\/wp\/v2\/media?parent=4130"}],"curies":[{"name":"wp","href":"https:\/\/api.w.org\/{rel}","templated":true}]}}