{"id":4100,"date":"2020-04-15T17:40:04","date_gmt":"2020-04-15T16:40:04","guid":{"rendered":"https:\/\/everest.al\/our-locations\/"},"modified":"2022-01-27T21:37:07","modified_gmt":"2022-01-27T20:37:07","slug":"lokacionet","status":"publish","type":"page","link":"https:\/\/www.everest.al\/sq\/lokacionet\/","title":{"rendered":"Lokacionet"},"content":{"rendered":"<p>[et_pb_section fb_built=&#8221;1&#8243; _builder_version=&#8221;4.0.7&#8243; custom_margin=&#8221;-20px||0px||false|false&#8221; custom_padding=&#8221;||0px||false|false&#8221; da_disable_devices=&#8221;off|off|off&#8221; global_colors_info=&#8221;{}&#8221; da_is_popup=&#8221;off&#8221; da_exit_intent=&#8221;off&#8221; da_has_close=&#8221;on&#8221; da_alt_close=&#8221;off&#8221; da_dark_close=&#8221;off&#8221; da_not_modal=&#8221;on&#8221; da_is_singular=&#8221;off&#8221; da_with_loader=&#8221;off&#8221; da_has_shadow=&#8221;on&#8221;][et_pb_row _builder_version=&#8221;4.0.7&#8243; width=&#8221;100%&#8221; max_width=&#8221;1920px&#8221; custom_margin=&#8221;-80px||||false|false&#8221; global_colors_info=&#8221;{}&#8221;][et_pb_column type=&#8221;4_4&#8243; _builder_version=&#8221;4.0.7&#8243; global_colors_info=&#8221;{}&#8221;][et_pb_text _builder_version=&#8221;4.0.7&#8243; global_colors_info=&#8221;{}&#8221;]<div id=\"map-multi-marker-1\" class=\"map-multi-marker\" style=\"height: 600px; width: 100%\"><\/div>[\/et_pb_text][\/et_pb_column][\/et_pb_row][\/et_pb_section][et_pb_section fb_built=&#8221;1&#8243; _builder_version=&#8221;4.4.2&#8243; background_color=&#8221;#f5f5f5&#8243; custom_margin=&#8221;0px||||false|false&#8221; custom_padding=&#8221;0px||||false|false&#8221; da_disable_devices=&#8221;off|off|off&#8221; border_color_bottom=&#8221;#ffef10&#8243; global_colors_info=&#8221;{}&#8221; da_is_popup=&#8221;off&#8221; da_exit_intent=&#8221;off&#8221; da_has_close=&#8221;on&#8221; da_alt_close=&#8221;off&#8221; da_dark_close=&#8221;off&#8221; da_not_modal=&#8221;on&#8221; da_is_singular=&#8221;off&#8221; da_with_loader=&#8221;off&#8221; da_has_shadow=&#8221;on&#8221;][et_pb_row _builder_version=&#8221;4.0.6&#8243; custom_margin=&#8221;-50px||||false|false&#8221; global_colors_info=&#8221;{}&#8221;][et_pb_column type=&#8221;4_4&#8243; _builder_version=&#8221;4.0.6&#8243; global_colors_info=&#8221;{}&#8221;][et_pb_text _builder_version=&#8221;4.4.3&#8243; text_font=&#8221;Barlow|900|||||||&#8221; text_text_color=&#8221;#2a2a29&#8243; text_font_size=&#8221;40px&#8221; custom_margin=&#8221;50px||0px||false|false&#8221; text_font_size_tablet=&#8221;&#8221; text_font_size_phone=&#8221;30px&#8221; text_font_size_last_edited=&#8221;on|phone&#8221; global_colors_info=&#8221;{}&#8221;]<\/p>\n<p>Informacion kontakti<\/p>\n<p>[\/et_pb_text][\/et_pb_column][\/et_pb_row][et_pb_row column_structure=&#8221;1_3,1_3,1_3&#8243; use_custom_gutter=&#8221;on&#8221; gutter_width=&#8221;2&#8243; _builder_version=&#8221;4.0.7&#8243; background_color=&#8221;#f5f5f5&#8243; global_colors_info=&#8221;{}&#8221;][et_pb_column type=&#8221;1_3&#8243; _builder_version=&#8221;4.0.7&#8243; background_color=&#8221;#ffffff&#8221; background_enable_color=&#8221;on&#8221; border_radii=&#8221;on|3px|3px|3px|3px&#8221; box_shadow_style=&#8221;preset3&#8243; box_shadow_horizontal=&#8221;4px&#8221; box_shadow_vertical=&#8221;9px&#8221; box_shadow_blur=&#8221;6px&#8221; global_colors_info=&#8221;{}&#8221; transform_styles__hover_enabled=&#8221;on|hover&#8221; transform_scale__hover_enabled=&#8221;on|hover&#8221; transform_translate__hover_enabled=&#8221;on|desktop&#8221; transform_rotate__hover_enabled=&#8221;on|desktop&#8221; transform_skew__hover_enabled=&#8221;on|desktop&#8221; transform_origin__hover_enabled=&#8221;on|desktop&#8221; transform_scale__hover=&#8221;104%|104%&#8221;][et_pb_image src=&#8221;https:\/\/everest.al\/wp-content\/uploads\/2020\/04\/Everest-Construction-Group-New-York.jpg&#8221; _builder_version=&#8221;4.4.3&#8243; global_colors_info=&#8221;{}&#8221;][\/et_pb_image][et_pb_text _builder_version=&#8221;4.0.7&#8243; text_font=&#8221;Roboto|700|||||||&#8221; text_text_color=&#8221;#000000&#8243; text_font_size=&#8221;17px&#8221; custom_margin=&#8221;||10px||false|false&#8221; custom_padding=&#8221;|15px||15px|false|true&#8221; global_colors_info=&#8221;{}&#8221;]Everest United States[\/et_pb_text][et_pb_text _builder_version=&#8221;4.0.7&#8243; text_font=&#8221;Roboto|300|||||||&#8221; text_text_color=&#8221;#070707&#8243; text_font_size=&#8221;13px&#8221; custom_margin=&#8221;||20px||false|false&#8221; custom_padding=&#8221;|15px||15px|false|true&#8221; global_colors_info=&#8221;{}&#8221;]Astoria, Queens, NY<br \/>\nTel: 00 1 (201) 682-1009 | Email: <a href=\"mailto:info@everest.al\"><span class=\"underline\">info@everest.al<\/span><\/a>[\/et_pb_text][et_pb_divider color=&#8221;#FFFFFF&#8221; _builder_version=&#8221;4.11.4&#8243; _module_preset=&#8221;default&#8221; global_colors_info=&#8221;{}&#8221;][\/et_pb_divider][\/et_pb_column][et_pb_column type=&#8221;1_3&#8243; _builder_version=&#8221;4.0.7&#8243; background_color=&#8221;#ffffff&#8221; background_enable_color=&#8221;on&#8221; border_radii=&#8221;on|5px|5px|5px|5px&#8221; box_shadow_style=&#8221;preset3&#8243; box_shadow_horizontal=&#8221;4px&#8221; box_shadow_vertical=&#8221;9px&#8221; box_shadow_blur=&#8221;6px&#8221; global_colors_info=&#8221;{}&#8221; transform_styles__hover_enabled=&#8221;on|hover&#8221; transform_scale__hover=&#8221;104%|104%&#8221; transform_scale__hover_enabled=&#8221;on|hover&#8221; transform_translate__hover_enabled=&#8221;on|desktop&#8221; transform_rotate__hover_enabled=&#8221;on|desktop&#8221; transform_skew__hover_enabled=&#8221;on|desktop&#8221; transform_origin__hover_enabled=&#8221;on|desktop&#8221;][et_pb_image src=&#8221;https:\/\/everest.al\/wp-content\/uploads\/2020\/04\/Everest-Construction-Group-Tirana.jpg&#8221; _builder_version=&#8221;4.4.3&#8243; global_colors_info=&#8221;{}&#8221;][\/et_pb_image][et_pb_text _builder_version=&#8221;4.4.2&#8243; text_font=&#8221;Roboto|700|||||||&#8221; text_text_color=&#8221;#000000&#8243; text_font_size=&#8221;17px&#8221; custom_margin=&#8221;||10px||false|false&#8221; custom_padding=&#8221;|15px||15px|false|true&#8221; global_colors_info=&#8221;{}&#8221;]Everest zyrat q\u00ebndrore Shqip\u00ebri[\/et_pb_text][et_pb_text _builder_version=&#8221;4.11.4&#8243; text_font=&#8221;Roboto|300|||||||&#8221; text_text_color=&#8221;#070707&#8243; text_font_size=&#8221;13px&#8221; custom_margin=&#8221;||20px||false|false&#8221; custom_padding=&#8221;|15px||15px|false|true&#8221; global_colors_info=&#8221;{}&#8221;]Bulevardi Blu 544, Kam\u00ebz, Tirana 1030, AL (Tiran\u00eb, Kam\u00ebz, Fabrika n\u00eb Rrug\u00ebn Nacionale, pran\u00eb Nyjes s\u00eb Betonit)<br \/>\nTel: +355 47 20 44 44 | Email: <a href=\"mailto:info@everest.al\"><span class=\"underline\">info@everest.al<\/span><\/a>[\/et_pb_text][\/et_pb_column][et_pb_column type=&#8221;1_3&#8243; _builder_version=&#8221;4.0.7&#8243; background_color=&#8221;#ffffff&#8221; background_enable_color=&#8221;on&#8221; border_radii=&#8221;on|5px|5px|5px|5px&#8221; box_shadow_style=&#8221;preset3&#8243; box_shadow_horizontal=&#8221;4px&#8221; box_shadow_vertical=&#8221;9px&#8221; box_shadow_blur=&#8221;6px&#8221; global_colors_info=&#8221;{}&#8221; transform_styles__hover_enabled=&#8221;on|hover&#8221; transform_scale__hover=&#8221;104%|104%&#8221; transform_scale__hover_enabled=&#8221;on|hover&#8221; transform_translate__hover_enabled=&#8221;on|desktop&#8221; transform_rotate__hover_enabled=&#8221;on|desktop&#8221; transform_skew__hover_enabled=&#8221;on|desktop&#8221; transform_origin__hover_enabled=&#8221;on|desktop&#8221;][et_pb_image src=&#8221;https:\/\/everest.al\/wp-content\/uploads\/2020\/04\/Everest-Construction-Group-Pristina.jpg&#8221; _builder_version=&#8221;4.4.3&#8243; global_colors_info=&#8221;{}&#8221;][\/et_pb_image][et_pb_text _builder_version=&#8221;4.4.2&#8243; text_font=&#8221;Roboto|700|||||||&#8221; text_text_color=&#8221;#000000&#8243; text_font_size=&#8221;17px&#8221; custom_margin=&#8221;||10px||false|false&#8221; custom_padding=&#8221;|15px||15px|false|true&#8221; global_colors_info=&#8221;{}&#8221;]Everest Kosov\u00eb[\/et_pb_text][et_pb_text _builder_version=&#8221;4.0.7&#8243; text_font=&#8221;Roboto|300|||||||&#8221; text_text_color=&#8221;#070707&#8243; text_font_size=&#8221;13px&#8221; custom_margin=&#8221;||20px||false|false&#8221; custom_padding=&#8221;|15px||15px|false|true&#8221; global_colors_info=&#8221;{}&#8221;] Zona Industriale, Pristina, KS<br \/>\nTel: +377 44 50 94 94 | Email: <a href=\"mailto:kosove@everest.al\"><span class=\"underline\">kosove@everest.al<\/span><\/a>[\/et_pb_text][et_pb_divider color=&#8221;#FFFFFF&#8221; _builder_version=&#8221;4.11.4&#8243; _module_preset=&#8221;default&#8221; global_colors_info=&#8221;{}&#8221;][\/et_pb_divider][\/et_pb_column][\/et_pb_row][et_pb_row column_structure=&#8221;1_3,1_3,1_3&#8243; use_custom_gutter=&#8221;on&#8221; gutter_width=&#8221;2&#8243; _builder_version=&#8221;4.0.7&#8243; background_color=&#8221;#f5f5f5&#8243; global_colors_info=&#8221;{}&#8221;][et_pb_column type=&#8221;1_3&#8243; _builder_version=&#8221;4.0.7&#8243; background_color=&#8221;#ffffff&#8221; background_enable_color=&#8221;on&#8221; border_radii=&#8221;on|3px|3px|3px|3px&#8221; box_shadow_style=&#8221;preset3&#8243; box_shadow_horizontal=&#8221;4px&#8221; box_shadow_vertical=&#8221;9px&#8221; box_shadow_blur=&#8221;6px&#8221; global_colors_info=&#8221;{}&#8221; transform_styles__hover_enabled=&#8221;on|hover&#8221; transform_scale__hover=&#8221;104%|104%&#8221; transform_scale__hover_enabled=&#8221;on|hover&#8221; transform_translate__hover_enabled=&#8221;on|desktop&#8221; transform_rotate__hover_enabled=&#8221;on|desktop&#8221; transform_skew__hover_enabled=&#8221;on|desktop&#8221; transform_origin__hover_enabled=&#8221;on|desktop&#8221;][et_pb_image src=&#8221;https:\/\/everest.al\/wp-content\/uploads\/2020\/04\/Everest-Construction-Group-Skopje.jpg&#8221; _builder_version=&#8221;4.4.3&#8243; global_colors_info=&#8221;{}&#8221; transform_styles__hover_enabled=&#8221;on|hover&#8221; transform_scale__hover_enabled=&#8221;on|hover&#8221; transform_translate__hover_enabled=&#8221;on|desktop&#8221; transform_rotate__hover_enabled=&#8221;on|desktop&#8221; transform_skew__hover_enabled=&#8221;on|desktop&#8221; transform_origin__hover_enabled=&#8221;on|desktop&#8221;][\/et_pb_image][et_pb_text _builder_version=&#8221;4.11.4&#8243; text_font=&#8221;Roboto|700|||||||&#8221; text_text_color=&#8221;#000000&#8243; text_font_size=&#8221;17px&#8221; custom_margin=&#8221;||10px||false|false&#8221; custom_padding=&#8221;|15px||15px|false|true&#8221; hover_enabled=&#8221;0&#8243; global_colors_info=&#8221;{}&#8221; sticky_enabled=&#8221;0&#8243;]Everest Maqedoni e Veriut[\/et_pb_text][et_pb_text _builder_version=&#8221;4.0.7&#8243; text_font=&#8221;Roboto|300|||||||&#8221; text_text_color=&#8221;#070707&#8243; text_font_size=&#8221;13px&#8221; custom_margin=&#8221;||20px||false|false&#8221; custom_padding=&#8221;|15px||15px|false|true&#8221; global_colors_info=&#8221;{}&#8221;]Jadranska Magistrala BB-Vizbegovo, Skopje, MK<br \/>\nTel: +389 72 78 48 58 | Email: <a href=\"mailto:macedonia@everest.al\"><span class=\"underline\">macedonia@everest.al<\/span><\/a>[\/et_pb_text][\/et_pb_column][et_pb_column type=&#8221;1_3&#8243; _builder_version=&#8221;4.0.7&#8243; background_color=&#8221;#ffffff&#8221; background_enable_color=&#8221;on&#8221; border_radii=&#8221;on|5px|5px|5px|5px&#8221; box_shadow_style=&#8221;preset3&#8243; box_shadow_horizontal=&#8221;4px&#8221; box_shadow_vertical=&#8221;9px&#8221; box_shadow_blur=&#8221;6px&#8221; global_colors_info=&#8221;{}&#8221; transform_styles__hover_enabled=&#8221;on|hover&#8221; transform_scale__hover=&#8221;104%|104%&#8221; transform_scale__hover_enabled=&#8221;on|hover&#8221; transform_translate__hover_enabled=&#8221;on|desktop&#8221; transform_rotate__hover_enabled=&#8221;on|desktop&#8221; transform_skew__hover_enabled=&#8221;on|desktop&#8221; transform_origin__hover_enabled=&#8221;on|desktop&#8221;][et_pb_image src=&#8221;https:\/\/everest.al\/wp-content\/uploads\/2020\/04\/Everest-Construction-Group-Podgorica.jpg&#8221; _builder_version=&#8221;4.4.3&#8243; global_colors_info=&#8221;{}&#8221;][\/et_pb_image][et_pb_text _builder_version=&#8221;4.4.2&#8243; text_font=&#8221;Roboto|700|||||||&#8221; text_text_color=&#8221;#000000&#8243; text_font_size=&#8221;17px&#8221; custom_margin=&#8221;||10px||false|false&#8221; custom_padding=&#8221;|15px||15px|false|true&#8221; global_colors_info=&#8221;{}&#8221;]Everest Mal i Zi[\/et_pb_text][et_pb_text _builder_version=&#8221;4.0.7&#8243; text_font=&#8221;Roboto|300|||||||&#8221; text_text_color=&#8221;#070707&#8243; text_font_size=&#8221;13px&#8221; custom_margin=&#8221;||20px||false|false&#8221; custom_padding=&#8221;|15px||15px|false|true&#8221; global_colors_info=&#8221;{}&#8221;]Golubovci (Mojanovici BB), Podgorica, MN<br \/>\nTel: +382 02 02 22 | Email: <a href=\"mailto:montenegro@everest.al\"><span class=\"underline\">montenegro@everest.al<\/span><\/a>[\/et_pb_text][\/et_pb_column][et_pb_column type=&#8221;1_3&#8243; _builder_version=&#8221;4.0.7&#8243; background_color=&#8221;#ffffff&#8221; background_enable_color=&#8221;on&#8221; border_radii=&#8221;on|5px|5px|5px|5px&#8221; box_shadow_style=&#8221;preset3&#8243; box_shadow_horizontal=&#8221;4px&#8221; box_shadow_vertical=&#8221;9px&#8221; box_shadow_blur=&#8221;6px&#8221; global_colors_info=&#8221;{}&#8221; transform_styles__hover_enabled=&#8221;on|hover&#8221; transform_scale__hover=&#8221;104%|104%&#8221; transform_scale__hover_enabled=&#8221;on|hover&#8221; transform_translate__hover_enabled=&#8221;on|desktop&#8221; transform_rotate__hover_enabled=&#8221;on|desktop&#8221; transform_skew__hover_enabled=&#8221;on|desktop&#8221; transform_origin__hover_enabled=&#8221;on|desktop&#8221;][et_pb_image src=&#8221;https:\/\/everest.al\/wp-content\/uploads\/2020\/04\/Everest-Construction-Group-Birkirkara.jpg&#8221; _builder_version=&#8221;4.4.3&#8243; global_colors_info=&#8221;{}&#8221;][\/et_pb_image][et_pb_text _builder_version=&#8221;4.4.2&#8243; text_font=&#8221;Roboto|700|||||||&#8221; text_text_color=&#8221;#000000&#8243; text_font_size=&#8221;17px&#8221; custom_margin=&#8221;||10px||false|false&#8221; custom_padding=&#8221;|15px||15px|false|true&#8221; global_colors_info=&#8221;{}&#8221;]Everest Malt\u00eb[\/et_pb_text][et_pb_text _builder_version=&#8221;4.0.7&#8243; text_font=&#8221;Roboto|300|||||||&#8221; text_text_color=&#8221;#070707&#8243; text_font_size=&#8221;13px&#8221; custom_margin=&#8221;||20px||false|false&#8221; custom_padding=&#8221;|15px||15px|false|true&#8221; global_colors_info=&#8221;{}&#8221;]Triq in-negozju Mrihel, Birkirkara Bkr 3000, MT<br \/>\nTel: +356 21 44 94 00 | Email: <a href=\"mailto:malta@everest.al\"><span class=\"underline\">malta@everest.al<\/span><\/a>[\/et_pb_text][\/et_pb_column][\/et_pb_row][\/et_pb_section]<\/p>\n","protected":false},"excerpt":{"rendered":"<p><div id=\"map-multi-marker-1\" class=\"map-multi-marker\" style=\"height: 600px; width: 100%\"><\/div>Informacion kontaktiEverest United StatesAstoria, Queens, NY Tel: 00 1 (201) 682-1009 | Email: info@everest.alEverest zyrat q\u00ebndrore Shqip\u00ebriBulevardi Blu 544, Kam\u00ebz, Tirana 1030, AL (Tiran\u00eb, Kam\u00ebz, Fabrika n\u00eb Rrug\u00ebn Nacionale, pran\u00eb Nyjes s\u00eb Betonit) Tel: +355 47 20 44 44 | Email: info@everest.alEverest Kosov\u00eb Zona Industriale, Pristina, KS Tel: +377 44 50 94 94 | [&hellip;]<\/p>\n","protected":false},"author":5,"featured_media":0,"parent":0,"menu_order":0,"comment_status":"closed","ping_status":"closed","template":"","meta":{"_et_pb_use_builder":"on","_et_pb_old_content":"","_et_gb_content_width":"","footnotes":""},"class_list":["post-4100","page","type-page","status-publish","hentry"],"_links":{"self":[{"href":"https:\/\/www.everest.al\/sq\/wp-json\/wp\/v2\/pages\/4100","targetHints":{"allow":["GET"]}}],"collection":[{"href":"https:\/\/www.everest.al\/sq\/wp-json\/wp\/v2\/pages"}],"about":[{"href":"https:\/\/www.everest.al\/sq\/wp-json\/wp\/v2\/types\/page"}],"author":[{"embeddable":true,"href":"https:\/\/www.everest.al\/sq\/wp-json\/wp\/v2\/users\/5"}],"replies":[{"embeddable":true,"href":"https:\/\/www.everest.al\/sq\/wp-json\/wp\/v2\/comments?post=4100"}],"version-history":[{"count":8,"href":"https:\/\/www.everest.al\/sq\/wp-json\/wp\/v2\/pages\/4100\/revisions"}],"predecessor-version":[{"id":7055,"href":"https:\/\/www.everest.al\/sq\/wp-json\/wp\/v2\/pages\/4100\/revisions\/7055"}],"wp:attachment":[{"href":"https:\/\/www.everest.al\/sq\/wp-json\/wp\/v2\/media?parent=4100"}],"curies":[{"name":"wp","href":"https:\/\/api.w.org\/{rel}","templated":true}]}}