{"id":4076,"date":"2020-04-15T17:06:24","date_gmt":"2020-04-15T16:06:24","guid":{"rendered":"https:\/\/everest.al\/kompania\/"},"modified":"2020-04-23T08:43:03","modified_gmt":"2020-04-23T07:43:03","slug":"kompania","status":"publish","type":"page","link":"https:\/\/www.everest.al\/sq\/kompania\/","title":{"rendered":"Kompania"},"content":{"rendered":"<p>[et_pb_section fb_built=&#8221;1&#8243; _builder_version=&#8221;4.4.2&#8243; background_image=&#8221;https:\/\/everest.al\/wp-content\/uploads\/2020\/04\/Everest-Construction-Group-About-Us-Main-Image.jpg&#8221; custom_margin=&#8221;||0px||false|false&#8221; custom_padding=&#8221;200px||0px||false|false&#8221; da_is_popup=&#8221;off&#8221; da_exit_intent=&#8221;off&#8221; da_has_close=&#8221;on&#8221; da_alt_close=&#8221;off&#8221; da_dark_close=&#8221;off&#8221; da_not_modal=&#8221;on&#8221; da_is_singular=&#8221;off&#8221; da_with_loader=&#8221;off&#8221; da_has_shadow=&#8221;on&#8221; da_disable_devices=&#8221;off|off|off&#8221;][et_pb_row column_structure=&#8221;1_2,1_2&#8243; _builder_version=&#8221;4.0.7&#8243; custom_margin=&#8221;||0px||false|false&#8221; custom_padding=&#8221;||0px||false|false&#8221;][et_pb_column type=&#8221;1_2&#8243; _builder_version=&#8221;4.0.7&#8243; background_color=&#8221;#2e3639&#8243; background_enable_color=&#8221;on&#8221; custom_padding=&#8221;80px|50px|80px|50px|true|true&#8221; custom_padding_tablet=&#8221;|60px||60px|true|true&#8221; custom_padding_phone=&#8221;|20px||20px|true|true&#8221; custom_padding_last_edited=&#8221;on|desktop&#8221; animation_style=&#8221;fold&#8221; animation_duration=&#8221;700ms&#8221; animation_delay=&#8221;100ms&#8221; border_color_all=&#8221;#edf000&#8243; border_style_right=&#8221;dashed&#8221;][et_pb_text _builder_version=&#8221;4.4.2&#8243; text_font=&#8221;Raleway|800|||||||&#8221; text_text_color=&#8221;#ffef10&#8243; text_font_size=&#8221;60px&#8221; text_line_height=&#8221;5rem&#8221; custom_margin=&#8221;||||false|false&#8221; text_font_size_tablet=&#8221;50px&#8221; text_font_size_phone=&#8221;40px&#8221; text_font_size_last_edited=&#8221;on|phone&#8221; text_orientation_tablet=&#8221;center&#8221; text_orientation_phone=&#8221;center&#8221; text_orientation_last_edited=&#8221;on|tablet&#8221;]KUSH JEMI[\/et_pb_text][et_pb_text _builder_version=&#8221;4.0.7&#8243; text_font=&#8221;Roboto|300|||||||&#8221; text_text_color=&#8221;#ffffff&#8221; text_font_size=&#8221;20px&#8221; text_line_height=&#8221;2rem&#8221; custom_padding_tablet=&#8221;|20px||20px|false|false&#8221; custom_padding_phone=&#8221;&#8221; custom_padding_last_edited=&#8221;on|tablet&#8221; text_font_size_tablet=&#8221;&#8221; text_font_size_phone=&#8221;&#8221; text_font_size_last_edited=&#8221;on|phone&#8221;]<\/p>\n<p style=\"text-align: justify;\">Everest \u00ebsht\u00eb nj\u00eb nga firmat kryesore n\u00eb prodhimin e profileve t\u00eb aluminit n\u00eb rajon me m\u00eb shum\u00eb se 25 vite p\u00ebrvoj\u00eb dhe me nj\u00eb kapacitet prodhimi gjithmon\u00eb n\u00eb rritje, fal\u00eb energjis\u00eb dhe pasionit p\u00ebr pun\u00ebn, besueshm\u00ebris\u00eb dhe stafit t\u00eb kualifikuar, q\u00eb e b\u00ebjn\u00eb k\u00ebt\u00eb kompani nj\u00eb partner t\u00eb besuesh\u00ebm dhe t\u00eb sigurt p\u00ebr ju.<\/p>\n<p>[\/et_pb_text][\/et_pb_column][et_pb_column type=&#8221;1_2&#8243; _builder_version=&#8221;4.0.7&#8243;][\/et_pb_column][\/et_pb_row][\/et_pb_section][et_pb_section fb_built=&#8221;1&#8243; _builder_version=&#8221;4.4.2&#8243; background_color=&#8221;#fefefe&#8221; bottom_divider_color=&#8221;#000000&#8243; border_color_bottom=&#8221;#ffef10&#8243; da_is_popup=&#8221;off&#8221; da_exit_intent=&#8221;off&#8221; da_has_close=&#8221;on&#8221; da_alt_close=&#8221;off&#8221; da_dark_close=&#8221;off&#8221; da_not_modal=&#8221;on&#8221; da_is_singular=&#8221;off&#8221; da_with_loader=&#8221;off&#8221; da_has_shadow=&#8221;on&#8221; da_disable_devices=&#8221;off|off|off&#8221;][et_pb_row column_structure=&#8221;2_3,1_3&#8243; use_custom_gutter=&#8221;on&#8221; gutter_width=&#8221;2&#8243; _builder_version=&#8221;4.0.7&#8243; width=&#8221;100%&#8221;][et_pb_column type=&#8221;2_3&#8243; _builder_version=&#8221;4.0.7&#8243;][et_pb_text _builder_version=&#8221;4.4.2&#8243; text_font=&#8221;Raleway|700|||||||&#8221; text_text_color=&#8221;#2a2a29&#8243; text_font_size=&#8221;20px&#8221; text_line_height=&#8221;1.3em&#8221; custom_padding_tablet=&#8221;|20px||20px|false|false&#8221; custom_padding_phone=&#8221;&#8221; custom_padding_last_edited=&#8221;on|tablet&#8221;]<\/p>\n<p style=\"text-align: left;\">Lider Prodhimi<\/p>\n<p>[\/et_pb_text][et_pb_text _builder_version=&#8221;4.4.2&#8243; text_font=&#8221;Roboto|300|||||||&#8221; text_text_color=&#8221;#2a2a29&#8243; text_font_size=&#8221;16px&#8221; text_line_height=&#8221;1.8rem&#8221; custom_padding_tablet=&#8221;|20px||20px|false|false&#8221; custom_padding_phone=&#8221;&#8221; custom_padding_last_edited=&#8221;on|tablet&#8221;]<\/p>\n<p style=\"text-align: justify;\">EVEREST \u00ebsht\u00eb nj\u00eb nga kompanit\u00eb kryesore t\u00eb prodhimit t\u00eb profileve t\u00eb aluminit n\u00eb Evrop\u00eb me m\u00eb shum\u00eb se 25 vite p\u00ebrvoj\u00eb dhe arritje t\u00eb plota p\u00ebr t\u00eb cilat ajo krenohet.<\/p>\n<p>[\/et_pb_text][et_pb_text _builder_version=&#8221;4.4.2&#8243; text_font=&#8221;Raleway|700|||||||&#8221; text_text_color=&#8221;#2a2a29&#8243; text_font_size=&#8221;20px&#8221; text_line_height=&#8221;1.3em&#8221; custom_padding_tablet=&#8221;|20px||20px|false|false&#8221; custom_padding_phone=&#8221;&#8221; custom_padding_last_edited=&#8221;on|tablet&#8221;]<\/p>\n<p style=\"text-align: left;\">Zgjidhje Teknike<\/p>\n<p>[\/et_pb_text][et_pb_text _builder_version=&#8221;4.4.2&#8243; text_font=&#8221;Roboto|300|||||||&#8221; text_text_color=&#8221;#555555&#8243; text_font_size=&#8221;16px&#8221; text_line_height=&#8221;1.8rem&#8221; custom_padding_tablet=&#8221;|20px||20px|false|false&#8221; custom_padding_phone=&#8221;&#8221; custom_padding_last_edited=&#8221;on|tablet&#8221;]<\/p>\n<p style=\"text-align: justify;\">EVEREST ofron zgjidhje teknike n\u00eb fush\u00ebn e teknologjis\u00eb s\u00eb prodhimit t\u00eb profileve t\u00eb aluminit, prodhimin e dyerve, dritareve, fasadave dhe sistemeve t\u00eb tjera t\u00eb aplikuara t\u00eb aluminit.<\/p>\n<p>[\/et_pb_text][et_pb_text _builder_version=&#8221;4.4.2&#8243; text_font=&#8221;Raleway|700|||||||&#8221; text_text_color=&#8221;#2a2a29&#8243; text_font_size=&#8221;20px&#8221; text_line_height=&#8221;1.3em&#8221; custom_padding_tablet=&#8221;|20px||20px|false|false&#8221; custom_padding_phone=&#8221;&#8221; custom_padding_last_edited=&#8221;on|tablet&#8221;]<\/p>\n<p style=\"text-align: left;\">Zgjidhje t\u00eb Integruara<\/p>\n<p>[\/et_pb_text][et_pb_text _builder_version=&#8221;4.4.2&#8243; text_font=&#8221;Roboto|300|||||||&#8221; text_text_color=&#8221;#555555&#8243; text_font_size=&#8221;16px&#8221; text_line_height=&#8221;1.8rem&#8221; custom_padding_tablet=&#8221;|20px||20px|false|false&#8221; custom_padding_phone=&#8221;&#8221; custom_padding_last_edited=&#8221;on|tablet&#8221;]<\/p>\n<p style=\"text-align: justify;\">EVEREST ofron zgjidhje t\u00eb integruara p\u00ebr klient\u00ebt. Kompania k\u00ebrkon t\u00eb ofroj\u00eb zgjidhje teknike q\u00eb ndihmojn\u00eb n\u00eb shp\u00ebrndarjen e produkteve me efikasitet t\u00eb lart\u00eb dhe produktivitetit t\u00eb lart\u00eb p\u00ebrmes nj\u00eb mjedisi teknologjik t\u00eb p\u00ebrparuar dhe t\u00eb organizuar.<\/p>\n<p>[\/et_pb_text][et_pb_text _builder_version=&#8221;4.4.2&#8243; text_font=&#8221;Raleway|700|||||||&#8221; text_text_color=&#8221;#2a2a29&#8243; text_font_size=&#8221;20px&#8221; text_line_height=&#8221;1.3em&#8221; custom_padding_tablet=&#8221;|20px||20px|false|false&#8221; custom_padding_phone=&#8221;&#8221; custom_padding_last_edited=&#8221;on|tablet&#8221;]<\/p>\n<p style=\"text-align: left;\">Portofol i gjer\u00eb produktesh<\/p>\n<p>[\/et_pb_text][et_pb_text _builder_version=&#8221;4.4.2&#8243; text_font=&#8221;Roboto|300|||||||&#8221; text_text_color=&#8221;#555555&#8243; text_font_size=&#8221;16px&#8221; text_line_height=&#8221;1.8rem&#8221; custom_padding_tablet=&#8221;|20px||20px|false|false&#8221; custom_padding_phone=&#8221;&#8221; custom_padding_last_edited=&#8221;on|tablet&#8221;]<\/p>\n<p style=\"text-align: justify;\">EVEREST tashm\u00eb ka n\u00eb portofolin e tij nj\u00eb num\u00ebr t\u00eb madh t\u00eb modeleve t\u00eb profileve t\u00eb aluminit, qindra projekte n\u00eb nd\u00ebrtim dhe nj\u00eb p\u00ebrvoj\u00eb t\u00eb pasur me nj\u00eb personel mjaft teknik t\u00eb aft\u00eb p\u00ebr t\u00eb ekzekutuar t\u00eb gjitha proceset e pun\u00ebs n\u00eb m\u00ebnyr\u00eb efikase.<\/p>\n<p>[\/et_pb_text][et_pb_accordion icon_color=&#8221;#000000&#8243; use_icon_font_size=&#8221;on&#8221; icon_font_size=&#8221;18px&#8221; _builder_version=&#8221;4.4.2&#8243; custom_margin=&#8221;||50px||false|false&#8221; border_width_all=&#8221;0px&#8221; border_width_bottom=&#8221;1px&#8221;][et_pb_accordion_item title=&#8221;Themelimi\/Historiku&#8221; open=&#8221;on&#8221; closed_toggle_text_color=&#8221;#000000&#8243; closed_toggle_background_color=&#8221;#ffffff&#8221; icon_color=&#8221;#000000&#8243; _builder_version=&#8221;4.4.2&#8243; body_font=&#8221;Roboto|300|||||||&#8221; body_font_size=&#8221;15px&#8221; custom_margin=&#8221;||||false|false&#8221; toggle_font=&#8221;Raleway|700|||||||&#8221; closed_toggle_font=&#8221;Roboto||||||||&#8221;]<\/p>\n<ul>\n<li class=\"yellow-bullet\" style=\"text-align: justify;\">1997, Everest fillon veprimtarin\u00eb e saj, kryesisht e lidhur me nd\u00ebrtimin.<\/li>\n<li class=\"yellow-bullet\" style=\"text-align: justify;\">2000, Everest hyn n\u00eb tregun e aluminit, me produkte t\u00eb tilla si dritare dhe sisteme alumini.<\/li>\n<li class=\"yellow-bullet\" style=\"text-align: justify;\">2005, Fabrika Everest \u00ebsht\u00eb nd\u00ebrtuar, duke siguruar profile alumini t\u00eb ekstruduara dhe t\u00eb lyera.<\/li>\n<li class=\"yellow-bullet\" style=\"text-align: justify;\">2010, Tregu zgjerohet n\u00eb Ballkan dhe Evrop\u00eb duke qen\u00eb i pranish\u00ebm, me m\u00eb shum\u00eb se 30 filiale.<\/li>\n<li class=\"yellow-bullet\" style=\"text-align: justify;\">2016, Krijohet Departamenti i Shasive.<\/li>\n<li class=\"yellow-bullet\" style=\"text-align: justify;\">2017, Tregu zgjerohet n\u00eb SHBA duke qen\u00eb i pranish\u00ebm n\u00eb New York dhe New Jersey.<\/li>\n<li class=\"yellow-bullet\" style=\"text-align: justify;\">2018, Everest hyn n\u00eb tregun e uPVC, me produkte t\u00eb tilla si dritare dhe dyer.<\/li>\n<\/ul>\n<p>[\/et_pb_accordion_item][et_pb_accordion_item title=&#8221;Fjala Jon\u00eb&#8221; closed_toggle_text_color=&#8221;#000000&#8243; closed_toggle_background_color=&#8221;#ffffff&#8221; icon_color=&#8221;#000000&#8243; _builder_version=&#8221;4.4.2&#8243; body_font=&#8221;Roboto|300|||||||&#8221; body_font_size=&#8221;15px&#8221; toggle_font=&#8221;Raleway|700|||||||&#8221; closed_toggle_font=&#8221;Roboto||||||||&#8221; open=&#8221;off&#8221;]<\/p>\n<p style=\"text-align: justify;\">&#8220;Duke marr\u00eb parasysh shitjet tona n\u00eb treg dhe vler\u00ebsimin e klientit ton\u00eb p\u00ebr sistemet e ofruara t\u00eb aluminit, p\u00ebrvoj\u00ebn dhe njohjen e tregut, n\u00eb vitin 2015 vendos\u00ebm t\u00eb nd\u00ebrtojm\u00eb fabrik\u00ebn e prodhimit t\u00eb profileve t\u00eb aluminit duke hedhur n\u00eb treg sistemet tona. Everest \u00ebsht\u00eb themeluar n\u00eb 1997 si nj\u00eb kompani nd\u00ebrtimi. Punimet tona t\u00eb para kan\u00eb qen\u00eb n\u00eb industrin\u00eb e nd\u00ebrtimit t\u00eb objekteve t\u00eb banimit, rrug\u00ebve, sistemeve t\u00eb kanaleve, tubacioneve dhe nd\u00ebrtimeve. N\u00eb fillim t\u00eb vitit 2000, ne ishim t\u00eb par\u00ebt q\u00eb importuam profile alumini dhe trajtuam sistemet dhe aksesor\u00ebt e aluminit duke u b\u00ebr\u00eb shum\u00eb shpejt nj\u00eb lider n\u00eb tregun shqiptar. N\u00eb kompanin\u00eb ton\u00eb, ne besojm\u00eb se bashk\u00ebpunimi \u00ebsht\u00eb \u00e7el\u00ebsi p\u00ebr t\u00eb krijuar nj\u00eb marr\u00ebdh\u00ebnie t\u00eb sigurt prodhues-klient. Bazuar n\u00eb k\u00ebt\u00eb, ne jemi optimist\u00eb q\u00eb nga mund\u00ebsit\u00eb e krijuara nga t\u00eb dy pal\u00ebt, t\u00eb gjith\u00eb do t\u00eb ken\u00eb p\u00ebrfitime q\u00eb punojn\u00eb n\u00eb kompanin\u00eb ton\u00eb, EVEREST.&#8221;<\/p>\n<p>[\/et_pb_accordion_item][\/et_pb_accordion][et_pb_image src=&#8221;https:\/\/everest.al\/wp-content\/uploads\/2020\/04\/Everest-Construction-Group-World-Map.png&#8221; _builder_version=&#8221;4.4.2&#8243; custom_margin=&#8221;||50px||false|false&#8221;][\/et_pb_image][et_pb_text _builder_version=&#8221;4.4.2&#8243; text_font=&#8221;Roboto|300|||||||&#8221; text_text_color=&#8221;#2a2a29&#8243; text_font_size=&#8221;25px&#8221; custom_padding_tablet=&#8221;|20px||20px|false|false&#8221; custom_padding_phone=&#8221;&#8221; custom_padding_last_edited=&#8221;on|tablet&#8221;]<\/p>\n<p style=\"text-align: left;\">Everest Construction Group n\u00eb bot\u00eb<\/p>\n<p>[\/et_pb_text][et_pb_text _builder_version=&#8221;4.4.2&#8243; text_font=&#8221;Roboto|300|||||||&#8221; text_text_color=&#8221;#555555&#8243; text_font_size=&#8221;16px&#8221; text_line_height=&#8221;1.8rem&#8221; custom_padding_tablet=&#8221;|20px||20px|false|false&#8221; custom_padding_phone=&#8221;&#8221; custom_padding_last_edited=&#8221;on|tablet&#8221;]<\/p>\n<p style=\"text-align: justify;\">Grupi Everest Construction, pas sukseseve t\u00eb nj\u00ebpasnj\u00ebshme n\u00eb rajon, tani shtrihet n\u00eb disa vende t\u00eb bot\u00ebs, duke e afruar at\u00eb me k\u00ebrkesat e klient\u00ebve kudo q\u00eb ata ndodhen.<\/p>\n<p>[\/et_pb_text][et_pb_button button_url=&#8221;@ET-DC@eyJkeW5hbWljIjp0cnVlLCJjb250ZW50IjoicG9zdF9saW5rX3VybF9wYWdlIiwic2V0dGluZ3MiOnsicG9zdF9pZCI6IjE1MzkifX0=@&#8221; button_text=&#8221;Lokacionet n\u00eb bot\u00eb&#8221; button_alignment=&#8221;left&#8221; _builder_version=&#8221;4.4.2&#8243; _dynamic_attributes=&#8221;button_url&#8221; custom_button=&#8221;on&#8221; button_text_size=&#8221;15px&#8221; button_text_color=&#8221;#000000&#8243; button_border_width=&#8221;0px&#8221; button_border_radius=&#8221;0px&#8221; button_font=&#8221;Raleway|700|||||||&#8221; button_icon=&#8221;%%5%%&#8221; button_icon_placement=&#8221;left&#8221; button_on_hover=&#8221;off&#8221; custom_margin=&#8221;||100px|0px|false|false&#8221; custom_margin_tablet=&#8221;|||20px|false|false&#8221; custom_margin_phone=&#8221;&#8221; custom_margin_last_edited=&#8221;on|phone&#8221; custom_padding=&#8221;|||30px|false|false&#8221; custom_padding_tablet=&#8221;|||30px|false|false&#8221; custom_padding_phone=&#8221;|||30px|false|false&#8221; custom_padding_last_edited=&#8221;on|phone&#8221;][\/et_pb_button][et_pb_text _builder_version=&#8221;4.4.2&#8243; text_font=&#8221;Roboto|300|||||||&#8221; text_text_color=&#8221;#2a2a29&#8243; text_font_size=&#8221;25px&#8221; custom_padding_tablet=&#8221;|20px||20px|false|false&#8221; custom_padding_phone=&#8221;&#8221; custom_padding_last_edited=&#8221;on|tablet&#8221;]<\/p>\n<p style=\"text-align: left;\">Video:<\/p>\n<p>[\/et_pb_text][et_pb_video src=&#8221;https:\/\/www.youtube.com\/watch?v=pkVdwlYb0wA&#8221; image_src=&#8221;https:\/\/everest.al\/wp-content\/uploads\/2020\/01\/Everest-Construction-Group-Image-Gallery-15.jpeg&#8221; play_icon_color=&#8221;#ffef10&#8243; thumbnail_overlay_color=&#8221;rgba(0,0,0,0.6)&#8221; _builder_version=&#8221;4.0.7&#8243; custom_margin=&#8221;50px||100px||false|false&#8221; border_width_all=&#8221;5px&#8221;][\/et_pb_video][et_pb_image src=&#8221;https:\/\/everest.al\/wp-content\/uploads\/2020\/04\/Everest-Construction-Group-About-Us-Image.jpg&#8221; show_in_lightbox=&#8221;on&#8221; _builder_version=&#8221;4.4.2&#8243; custom_margin=&#8221;||50px||false|false&#8221; border_width_all=&#8221;5px&#8221;][\/et_pb_image][et_pb_text _builder_version=&#8221;4.4.2&#8243; text_font=&#8221;Roboto|300|||||||&#8221; text_text_color=&#8221;#2a2a29&#8243; text_font_size=&#8221;25px&#8221; custom_padding_tablet=&#8221;|20px||20px|false|false&#8221; custom_padding_phone=&#8221;&#8221; custom_padding_last_edited=&#8221;on|tablet&#8221;]<\/p>\n<p style=\"text-align: left;\">nj\u00eb rang i gjer\u00eb produktesh<\/p>\n<p>[\/et_pb_text][et_pb_text _builder_version=&#8221;4.4.2&#8243; text_font=&#8221;Roboto|300|||||||&#8221; text_text_color=&#8221;#555555&#8243; text_font_size=&#8221;16px&#8221; text_line_height=&#8221;1.8rem&#8221; custom_padding_tablet=&#8221;|20px||20px|false|false&#8221; custom_padding_phone=&#8221;&#8221; custom_padding_last_edited=&#8221;on|tablet&#8221;]<\/p>\n<p style=\"text-align: justify;\">Nj\u00eb nga karakteristikat kryesore q\u00eb e b\u00ebn kompanin\u00eb Everest nj\u00eb nd\u00ebrmarrje shum\u00eb t\u00eb suksesshme, \u00ebsht\u00eb edhe konsultimi me klient\u00ebt e saj duke marr\u00eb parasysh \u00e7do k\u00ebrkes\u00eb ose sugjerim, p\u00ebr t&#8217;i zbatuar ato m\u00eb von\u00eb n\u00eb nj\u00eb zgjidhje shum\u00eb t\u00eb mir\u00eb t\u00eb k\u00ebrkesave t\u00eb tregut. Everest ofron sisteme moderne p\u00ebr dyer dhe dritare me vlera optimale t\u00eb transmetimit termik, duke p\u00ebrmbushur k\u00ebrkesat e tregut p\u00ebr kursime t\u00eb energjis\u00eb.<\/p>\n<p>[\/et_pb_text][et_pb_button button_url=&#8221;@ET-DC@eyJkeW5hbWljIjp0cnVlLCJjb250ZW50IjoicG9zdF9saW5rX3VybF9wYWdlIiwic2V0dGluZ3MiOnsicG9zdF9pZCI6IjY1OCJ9fQ==@&#8221; button_text=&#8221;Zbulo m\u00eb tep\u00ebr&#8221; button_alignment=&#8221;left&#8221; _builder_version=&#8221;4.4.2&#8243; _dynamic_attributes=&#8221;button_url&#8221; custom_button=&#8221;on&#8221; button_text_size=&#8221;15px&#8221; button_text_color=&#8221;#000000&#8243; button_border_width=&#8221;0px&#8221; button_border_radius=&#8221;0px&#8221; button_font=&#8221;Raleway|700|||||||&#8221; button_icon=&#8221;%%3%%&#8221; button_icon_placement=&#8221;left&#8221; button_on_hover=&#8221;off&#8221; custom_margin=&#8221;|||0px|false|false&#8221; custom_margin_tablet=&#8221;|||20px|false|false&#8221; custom_margin_phone=&#8221;&#8221; custom_margin_last_edited=&#8221;on|phone&#8221; custom_padding=&#8221;|||30px|false|false&#8221; custom_padding_tablet=&#8221;|||30px|false|false&#8221; custom_padding_phone=&#8221;|||30px|false|false&#8221; custom_padding_last_edited=&#8221;on|tablet&#8221;][\/et_pb_button][\/et_pb_column][et_pb_column type=&#8221;1_3&#8243; module_id=&#8221;sticky&#8221; _builder_version=&#8221;4.0.7&#8243; background_color=&#8221;#f6f6f6&#8243; background_enable_color=&#8221;on&#8221; custom_padding=&#8221;20px|50px|60px|40px|false|false&#8221; animation_style=&#8221;bounce&#8221; animation_direction=&#8221;right&#8221; animation_duration=&#8221;1050ms&#8221; animation_delay=&#8221;1850ms&#8221; hover_transition_duration=&#8221;600ms&#8221; hover_transition_delay=&#8221;200ms&#8221; border_width_all=&#8221;10px&#8221; border_color_all=&#8221;#ffef10&#8243; border_radii__hover=&#8221;on|20px|20px|20px|20px&#8221; border_radii__hover_enabled=&#8221;off|hover&#8221; background__hover_enabled=&#8221;off|hover&#8221;][et_pb_text _builder_version=&#8221;4.4.2&#8243; text_font=&#8221;Roboto|300|||||||&#8221; text_text_color=&#8221;#212121&#8243; text_font_size=&#8221;15px&#8221; custom_margin=&#8221;30px||||false|false&#8221;]<\/p>\n<p style=\"text-align: left;\">M\u00eb tep\u00ebr rreth nesh<\/p>\n<p>[\/et_pb_text][et_pb_text _builder_version=&#8221;4.0.7&#8243; text_font=&#8221;Roboto||||||||&#8221; text_text_color=&#8221;#2a2a29&#8243; text_font_size=&#8221;25px&#8221; custom_margin=&#8221;||50px||false|false&#8221;]<\/p>\n<p style=\"text-align: left;\">Quick links<\/p>\n<p>[\/et_pb_text][et_pb_text _builder_version=&#8221;4.4.3&#8243; _dynamic_attributes=&#8221;link_option_url&#8221; text_font=&#8221;Roboto|300|||||||&#8221; text_text_color=&#8221;#2a2a29&#8243; text_font_size=&#8221;18px&#8221; text_line_height=&#8221;1.3em&#8221; custom_margin=&#8221;||||false|false&#8221; custom_padding=&#8221;||20px||false|false&#8221; link_option_url=&#8221;@ET-DC@eyJkeW5hbWljIjp0cnVlLCJjb250ZW50IjoicG9zdF9saW5rX3VybF9wYWdlIiwic2V0dGluZ3MiOnsicG9zdF9pZCI6IjE3MzAifX0=@&#8221; hover_enabled=&#8221;0&#8243; border_width_bottom=&#8221;1px&#8221; border_color_bottom=&#8221;#ccc&#8221;]<\/p>\n<p class=\"arrow-sign\" style=\"text-align: left;\"> Misioni &#038; Vizioni \u27f6<\/p>\n<p>[\/et_pb_text][et_pb_text _builder_version=&#8221;4.4.2&#8243; _dynamic_attributes=&#8221;link_option_url&#8221; text_font=&#8221;Roboto|300|||||||&#8221; text_text_color=&#8221;#2a2a29&#8243; text_font_size=&#8221;18px&#8221; text_line_height=&#8221;1.3em&#8221; custom_padding=&#8221;||20px||false|false&#8221; link_option_url=&#8221;@ET-DC@eyJkeW5hbWljIjp0cnVlLCJjb250ZW50IjoicG9zdF9saW5rX3VybF9wYWdlIiwic2V0dGluZ3MiOnsicG9zdF9pZCI6IjE3NTYifX0=@&#8221; border_width_bottom=&#8221;1px&#8221; border_color_bottom=&#8221;#ccc&#8221;]<\/p>\n<p style=\"text-align: left;\">Multimedia \u27f6 <\/p>\n<p>[\/et_pb_text][et_pb_text _builder_version=&#8221;4.4.3&#8243; _dynamic_attributes=&#8221;link_option_url&#8221; text_font=&#8221;Roboto|300|||||||&#8221; text_text_color=&#8221;#2a2a29&#8243; text_font_size=&#8221;18px&#8221; text_line_height=&#8221;1.3em&#8221; custom_padding=&#8221;||20px||false|false&#8221; link_option_url=&#8221;@ET-DC@eyJkeW5hbWljIjp0cnVlLCJjb250ZW50IjoicG9zdF9saW5rX3VybF9wYWdlIiwic2V0dGluZ3MiOnsicG9zdF9pZCI6IjE1MzkifX0=@&#8221; hover_enabled=&#8221;0&#8243; border_width_bottom=&#8221;1px&#8221; border_color_bottom=&#8221;#ccc&#8221;]<\/p>\n<p style=\"text-align: left;\">Lokacionet Tona \u27f6 <\/p>\n<p>[\/et_pb_text][et_pb_text _builder_version=&#8221;4.4.2&#8243; _dynamic_attributes=&#8221;link_option_url&#8221; text_font=&#8221;Roboto|300|||||||&#8221; text_text_color=&#8221;#2a2a29&#8243; text_font_size=&#8221;18px&#8221; text_line_height=&#8221;1.3em&#8221; custom_padding=&#8221;||20px||false|false&#8221; link_option_url=&#8221;@ET-DC@eyJkeW5hbWljIjp0cnVlLCJjb250ZW50IjoicG9zdF9saW5rX3VybF9wYWdlIiwic2V0dGluZ3MiOnsicG9zdF9pZCI6IjIxNTEifX0=@&#8221; border_width_bottom=&#8221;1px&#8221; border_color_bottom=&#8221;#ccc&#8221;]<\/p>\n<p style=\"text-align: left;\">Forma e Kontaktit \u27f6 <\/p>\n<p>[\/et_pb_text][et_pb_text _builder_version=&#8221;4.4.2&#8243; text_font=&#8221;Roboto|700|||||||&#8221; text_text_color=&#8221;#2a2a29&#8243; text_font_size=&#8221;18px&#8221; custom_padding=&#8221;||20px||false|false&#8221; border_width_bottom=&#8221;1px&#8221; border_color_bottom=&#8221;#ccc&#8221;]<\/p>\n<p style=\"text-align: left;\">Arritjet dhe \u00c7ertifikimet<\/p>\n<p>[\/et_pb_text][et_pb_text _builder_version=&#8221;4.4.2&#8243; text_font=&#8221;Roboto|300|||||||&#8221; text_text_color=&#8221;#2a2a29&#8243; text_font_size=&#8221;18px&#8221; text_line_height=&#8221;1.3em&#8221; custom_padding=&#8221;||20px||false|false&#8221; border_width_bottom=&#8221;1px&#8221; border_color_bottom=&#8221;#ccc&#8221;]<\/p>\n<p style=\"text-align: left;\">Arritjet dhe \u00e7ertifikimet gjat\u00eb viteve \u27f6 <\/p>\n<p>[\/et_pb_text][\/et_pb_column][\/et_pb_row][\/et_pb_section]<\/p>\n","protected":false},"excerpt":{"rendered":"<p>KUSH JEMIEverest \u00ebsht\u00eb nj\u00eb nga firmat kryesore n\u00eb prodhimin e profileve t\u00eb aluminit n\u00eb rajon me m\u00eb shum\u00eb se 25 vite p\u00ebrvoj\u00eb dhe me nj\u00eb kapacitet prodhimi gjithmon\u00eb n\u00eb rritje, fal\u00eb energjis\u00eb dhe pasionit p\u00ebr pun\u00ebn, besueshm\u00ebris\u00eb dhe stafit t\u00eb kualifikuar, q\u00eb e b\u00ebjn\u00eb k\u00ebt\u00eb kompani nj\u00eb partner t\u00eb besuesh\u00ebm dhe t\u00eb sigurt p\u00ebr ju.Lider [&hellip;]<\/p>\n","protected":false},"author":5,"featured_media":0,"parent":0,"menu_order":0,"comment_status":"closed","ping_status":"closed","template":"","meta":{"_et_pb_use_builder":"on","_et_pb_old_content":"","_et_gb_content_width":"","footnotes":""},"class_list":["post-4076","page","type-page","status-publish","hentry"],"_links":{"self":[{"href":"https:\/\/www.everest.al\/sq\/wp-json\/wp\/v2\/pages\/4076","targetHints":{"allow":["GET"]}}],"collection":[{"href":"https:\/\/www.everest.al\/sq\/wp-json\/wp\/v2\/pages"}],"about":[{"href":"https:\/\/www.everest.al\/sq\/wp-json\/wp\/v2\/types\/page"}],"author":[{"embeddable":true,"href":"https:\/\/www.everest.al\/sq\/wp-json\/wp\/v2\/users\/5"}],"replies":[{"embeddable":true,"href":"https:\/\/www.everest.al\/sq\/wp-json\/wp\/v2\/comments?post=4076"}],"version-history":[{"count":7,"href":"https:\/\/www.everest.al\/sq\/wp-json\/wp\/v2\/pages\/4076\/revisions"}],"predecessor-version":[{"id":5670,"href":"https:\/\/www.everest.al\/sq\/wp-json\/wp\/v2\/pages\/4076\/revisions\/5670"}],"wp:attachment":[{"href":"https:\/\/www.everest.al\/sq\/wp-json\/wp\/v2\/media?parent=4076"}],"curies":[{"name":"wp","href":"https:\/\/api.w.org\/{rel}","templated":true}]}}