{"id":4062,"date":"2020-03-30T11:04:15","date_gmt":"2020-03-30T10:04:15","guid":{"rendered":"https:\/\/everest.al\/automotive-engineering\/"},"modified":"2020-04-23T11:33:03","modified_gmt":"2020-04-23T10:33:03","slug":"inxhinieri-automobilistike","status":"publish","type":"page","link":"https:\/\/www.everest.al\/sq\/inxhinieri-automobilistike\/","title":{"rendered":"Inxhinieri Automobilistike"},"content":{"rendered":"<p>[et_pb_section fb_built=&#8221;1&#8243; module_class=&#8221;section-automotive&#8221; _builder_version=&#8221;4.4.2&#8243; background_color=&#8221;rgba(0,0,0,0.74)&#8221; background_image=&#8221;https:\/\/everest.al\/wp-content\/uploads\/2020\/04\/Everest-Construction-Group-Automotive-Main-Image.jpg&#8221; background_blend=&#8221;overlay&#8221; min_height_tablet=&#8221;&#8221; min_height_phone=&#8221;&#8221; min_height_last_edited=&#8221;on|desktop&#8221; height_tablet=&#8221;&#8221; height_phone=&#8221;&#8221; height_last_edited=&#8221;on|phone&#8221; custom_margin=&#8221;||||false|false&#8221; custom_padding=&#8221;50px||50px||false|false&#8221; da_disable_devices=&#8221;off|off|off&#8221; da_is_popup=&#8221;off&#8221; da_exit_intent=&#8221;off&#8221; da_has_close=&#8221;on&#8221; da_alt_close=&#8221;off&#8221; da_dark_close=&#8221;off&#8221; da_not_modal=&#8221;on&#8221; da_is_singular=&#8221;off&#8221; da_with_loader=&#8221;off&#8221; da_has_shadow=&#8221;on&#8221;][et_pb_row column_structure=&#8221;2_5,3_5&#8243; _builder_version=&#8221;4.4.2&#8243; background_enable_color=&#8221;off&#8221; min_height_tablet=&#8221;&#8221; min_height_phone=&#8221;&#8221; min_height_last_edited=&#8221;on|tablet&#8221; height_tablet=&#8221;&#8221; height_phone=&#8221;&#8221; height_last_edited=&#8221;on|phone&#8221; max_height_tablet=&#8221;&#8221; max_height_phone=&#8221;&#8221; max_height_last_edited=&#8221;on|phone&#8221;][et_pb_column type=&#8221;2_5&#8243; module_id=&#8221;kolona-automotive&#8221; module_class=&#8221;kolona-automotive&#8221; _builder_version=&#8221;4.4.2&#8243; background_color=&#8221;rgba(0,0,0,0.66)&#8221; background_enable_color=&#8221;on&#8221; custom_padding=&#8221;|50px|50px|50px|false|false&#8221; custom_padding_tablet=&#8221;|0px||0px|false|false&#8221; custom_padding_phone=&#8221;&#8221; custom_padding_last_edited=&#8221;on|phone&#8221;][et_pb_text module_id=&#8221;titulli&#8221; module_class=&#8221;title-automotive&#8221; _builder_version=&#8221;4.4.3&#8243; text_font=&#8221;Barlow|700|||||||&#8221; text_text_color=&#8221;#ffffff&#8221; text_font_size=&#8221;35px&#8221; background_enable_image=&#8221;off&#8221; custom_padding=&#8221;50px||||false|false&#8221; custom_padding_tablet=&#8221;|||100px|false|false&#8221; custom_padding_phone=&#8221;|50px||50px|false|false&#8221; custom_padding_last_edited=&#8221;on|tablet&#8221; hover_enabled=&#8221;0&#8243; text_font_size_tablet=&#8221;35px&#8221; text_font_size_phone=&#8221;25px&#8221; text_font_size_last_edited=&#8221;on|phone&#8221;]Inxhinieri Automobilistike<span style=\"color: #ffef10;\">.<\/span>[\/et_pb_text][et_pb_text module_id=&#8221;teksti&#8221; module_class=&#8221;proj-description&#8221; _builder_version=&#8221;4.4.3&#8243; text_font=&#8221;Raleway|300|||||||&#8221; text_text_color=&#8221;#ffffff&#8221; text_font_size=&#8221;17px&#8221; text_line_height=&#8221;1.8em&#8221; custom_padding=&#8221;||||false|false&#8221; custom_padding_tablet=&#8221;|100px||100px|false|false&#8221; custom_padding_phone=&#8221;|50px||50px|false|false&#8221; custom_padding_last_edited=&#8221;on|phone&#8221; hover_enabled=&#8221;0&#8243; text_font_size_tablet=&#8221;&#8221; text_font_size_phone=&#8221;15px&#8221; text_font_size_last_edited=&#8221;on|phone&#8221; text_line_height_tablet=&#8221;&#8221; text_line_height_phone=&#8221;1.7em&#8221; text_line_height_last_edited=&#8221;on|phone&#8221;]<\/p>\n<p class=\"project-descr\" style=\"text-align: justify;\">Everest \u00ebsht\u00eb i specializuar gjithashtu edhe n\u00eb prodhimin e pjes\u00ebve automobilistike. Cil\u00ebsia e par\u00eb e aluminit nga industria jon\u00eb p\u00ebrdoret p\u00ebr t\u00eb krijuar pjes\u00eb t\u00eb ndryshme t\u00eb automobilave, si dyert e makinave, kabinat dhe deri n\u00eb krijimin e pjes\u00ebve t\u00eb anijeve, p\u00ebrfshir\u00eb dritaret dhe m\u00eb tep\u00ebr.<\/p>\n<p>[\/et_pb_text][et_pb_button button_url=&#8221;https:\/\/everest.al\/sq\/inxhinieri-automobilistike\/broshura-e-inxhinierise-automobilistike\/&#8221; url_new_window=&#8221;on&#8221; button_text=&#8221;shiko katalogun online&#8221; button_alignment=&#8221;left&#8221; _builder_version=&#8221;4.4.3&#8243; custom_button=&#8221;on&#8221; button_text_size=&#8221;14px&#8221; button_text_color=&#8221;#000000&#8243; button_bg_color=&#8221;#ffef10&#8243; button_border_color=&#8221;rgba(0,0,0,0)&#8221; button_border_radius=&#8221;0px&#8221; button_letter_spacing=&#8221;4px&#8221; button_font=&#8221;Roboto|500||on|||||&#8221; button_icon=&#8221;%%3%%&#8221; custom_padding=&#8221;15px|40px|15px|40px|true|true&#8221; hover_enabled=&#8221;0&#8243; box_shadow_style=&#8221;preset3&#8243; box_shadow_color=&#8221;rgba(0,0,0,0.12)&#8221; locked=&#8221;off&#8221;][\/et_pb_button][\/et_pb_column][et_pb_column type=&#8221;3_5&#8243; _builder_version=&#8221;4.4.2&#8243;][\/et_pb_column][\/et_pb_row][\/et_pb_section][et_pb_section fb_built=&#8221;1&#8243; _builder_version=&#8221;4.4.2&#8243; custom_margin=&#8221;0px||0px||false|false&#8221; custom_padding=&#8221;0px||0px||false|false&#8221; da_disable_devices=&#8221;off|off|off&#8221; border_color_top=&#8221;#ffef10&#8243; border_color_bottom=&#8221;#ffef10&#8243; da_is_popup=&#8221;off&#8221; da_exit_intent=&#8221;off&#8221; da_has_close=&#8221;on&#8221; da_alt_close=&#8221;off&#8221; da_dark_close=&#8221;off&#8221; da_not_modal=&#8221;on&#8221; da_is_singular=&#8221;off&#8221; da_with_loader=&#8221;off&#8221; da_has_shadow=&#8221;on&#8221;][et_pb_row column_structure=&#8221;1_3,1_3,1_3&#8243; use_custom_gutter=&#8221;on&#8221; gutter_width=&#8221;1&#8243; _builder_version=&#8221;4.4.3&#8243; width=&#8221;100%&#8221; max_width=&#8221;1920px&#8221; custom_margin=&#8221;0px||0px||false|false&#8221; custom_padding=&#8221;0px||0px||false|false&#8221;][et_pb_column type=&#8221;1_3&#8243; module_class=&#8221;kolona1&#8243; _builder_version=&#8221;4.4.3&#8243; background_color=&#8221;rgba(0,0,0,0.33)&#8221; background_enable_color=&#8221;on&#8221; background_image=&#8221;https:\/\/everest.al\/wp-content\/uploads\/2020\/04\/Everest-Construction-Group-Groupil-Trucks.jpg&#8221; background_enable_image=&#8221;on&#8221; background_blend=&#8221;overlay&#8221; animation_style=&#8221;fold&#8221; animation_duration=&#8221;1200ms&#8221; animation_delay=&#8221;950ms&#8221; border_color_all=&#8221;#ffef10&#8243; border_radii__hover_enabled=&#8221;on|hover&#8221; border_radii__hover=&#8221;on||||&#8221; border_style_all__hover_enabled=&#8221;on|hover&#8221; border_width_all__hover_enabled=&#8221;on|hover&#8221; transform_styles__hover_enabled=&#8221;on|hover&#8221; transform_scale__hover_enabled=&#8221;on|hover&#8221; transform_translate__hover_enabled=&#8221;on|hover&#8221; transform_rotate__hover_enabled=&#8221;on|hover&#8221; transform_skew__hover_enabled=&#8221;on|hover&#8221; transform_origin__hover_enabled=&#8221;on|hover&#8221; background__hover_enabled=&#8221;on|hover&#8221; background_image__hover=&#8221;https:\/\/everest.al\/wp-content\/uploads\/2020\/04\/Everest-Construction-Group-Groupil-Trucks.jpg&#8221; background_enable_image__hover=&#8221;on&#8221; background_color__hover=&#8221;&#8221; background_enable_color__hover=&#8221;off&#8221;][et_pb_image src=&#8221;https:\/\/everest.al\/wp-content\/uploads\/2020\/04\/LOGOS-2.png&#8221; _builder_version=&#8221;4.4.3&#8243; custom_margin=&#8221;||||false|false&#8221; custom_padding=&#8221;30px|30px||30px|false|false&#8221;][\/et_pb_image][et_pb_divider show_divider=&#8221;off&#8221; _builder_version=&#8221;4.4.3&#8243; custom_margin=&#8221;300px||200px||false|false&#8221;][\/et_pb_divider][et_pb_image src=&#8221;https:\/\/everest.al\/wp-content\/uploads\/2020\/04\/GroupilLogo.png&#8221; align=&#8221;right&#8221; _builder_version=&#8221;4.4.3&#8243; custom_margin=&#8221;||||false|false&#8221; custom_padding=&#8221;30px|30px|30px||false|false&#8221;][\/et_pb_image][\/et_pb_column][et_pb_column type=&#8221;1_3&#8243; module_class=&#8221;kolona1&#8243; _builder_version=&#8221;4.4.3&#8243; background_color=&#8221;rgba(0,0,0,0.33)&#8221; background_enable_color=&#8221;on&#8221; background_image=&#8221;https:\/\/everest.al\/wp-content\/uploads\/2020\/04\/Everest-Construction-Group-Rivian.jpg&#8221; background_enable_image=&#8221;on&#8221; background_blend=&#8221;overlay&#8221; animation_style=&#8221;fold&#8221; animation_duration=&#8221;1200ms&#8221; animation_delay=&#8221;950ms&#8221; border_color_all=&#8221;#ffef10&#8243; border_radii__hover_enabled=&#8221;on|hover&#8221; border_radii__hover=&#8221;on||||&#8221; border_style_all__hover_enabled=&#8221;on|hover&#8221; border_width_all__hover_enabled=&#8221;on|hover&#8221; transform_styles__hover_enabled=&#8221;on|hover&#8221; transform_scale__hover_enabled=&#8221;on|hover&#8221; transform_translate__hover_enabled=&#8221;on|hover&#8221; transform_rotate__hover_enabled=&#8221;on|hover&#8221; transform_skew__hover_enabled=&#8221;on|hover&#8221; transform_origin__hover_enabled=&#8221;on|hover&#8221; background__hover_enabled=&#8221;on|desktop&#8221; background_image__hover=&#8221;https:\/\/everest.al\/wp-content\/uploads\/2020\/04\/Everest-Construction-Group-Rivian.jpg&#8221; background_enable_image__hover=&#8221;on&#8221; background_color__hover=&#8221;&#8221; background_enable_color__hover=&#8221;off&#8221;][et_pb_image src=&#8221;https:\/\/everest.al\/wp-content\/uploads\/2020\/04\/LOGOS.png&#8221; _builder_version=&#8221;4.4.3&#8243; custom_margin=&#8221;||||false|false&#8221; custom_padding=&#8221;30px|30px||30px|false|false&#8221;][\/et_pb_image][et_pb_divider show_divider=&#8221;off&#8221; _builder_version=&#8221;4.4.3&#8243; custom_margin=&#8221;300px||200px||false|false&#8221;][\/et_pb_divider][et_pb_image src=&#8221;https:\/\/everest.al\/wp-content\/uploads\/2020\/04\/RivianLogo.png&#8221; align=&#8221;right&#8221; _builder_version=&#8221;4.4.3&#8243; custom_margin=&#8221;||||false|false&#8221; custom_padding=&#8221;30px|30px|30px||false|false&#8221;][\/et_pb_image][\/et_pb_column][et_pb_column type=&#8221;1_3&#8243; module_class=&#8221;kolona1&#8243; _builder_version=&#8221;4.4.3&#8243; background_color=&#8221;rgba(0,0,0,0.33)&#8221; background_enable_color=&#8221;on&#8221; background_image=&#8221;https:\/\/everest.al\/wp-content\/uploads\/2020\/04\/Linde-1.jpg&#8221; background_enable_image=&#8221;on&#8221; background_blend=&#8221;overlay&#8221; animation_style=&#8221;fold&#8221; animation_duration=&#8221;1200ms&#8221; animation_delay=&#8221;950ms&#8221; border_color_all=&#8221;#ffef10&#8243; border_radii__hover_enabled=&#8221;on|hover&#8221; border_radii__hover=&#8221;on||||&#8221; border_style_all__hover_enabled=&#8221;on|hover&#8221; border_width_all__hover_enabled=&#8221;on|hover&#8221; transform_styles__hover_enabled=&#8221;on|hover&#8221; transform_scale__hover_enabled=&#8221;on|hover&#8221; transform_translate__hover_enabled=&#8221;on|hover&#8221; transform_rotate__hover_enabled=&#8221;on|hover&#8221; transform_skew__hover_enabled=&#8221;on|hover&#8221; transform_origin__hover_enabled=&#8221;on|hover&#8221; background__hover_enabled=&#8221;on|hover&#8221; background_image__hover=&#8221;https:\/\/everest.al\/wp-content\/uploads\/2020\/04\/Linde-1.jpg&#8221; background_enable_image__hover=&#8221;on&#8221; background_color__hover=&#8221;&#8221; background_enable_color__hover=&#8221;off&#8221;][et_pb_image src=&#8221;https:\/\/everest.al\/wp-content\/uploads\/2020\/04\/everest-kml.png&#8221; _builder_version=&#8221;4.4.3&#8243; custom_margin=&#8221;||||false|false&#8221; custom_padding=&#8221;30px|30px||30px|false|false&#8221;][\/et_pb_image][et_pb_divider show_divider=&#8221;off&#8221; _builder_version=&#8221;4.4.3&#8243; custom_margin=&#8221;300px||200px||false|false&#8221;][\/et_pb_divider][et_pb_image src=&#8221;https:\/\/everest.al\/wp-content\/uploads\/2020\/04\/linde-logo.png&#8221; align=&#8221;right&#8221; _builder_version=&#8221;4.4.3&#8243; custom_margin=&#8221;||||false|false&#8221; custom_padding=&#8221;30px|30px|30px||false|false&#8221;][\/et_pb_image][\/et_pb_column][\/et_pb_row][\/et_pb_section][et_pb_section fb_built=&#8221;1&#8243; _builder_version=&#8221;4.4.2&#8243; background_color=&#8221;#ffef10&#8243; custom_margin=&#8221;0px||0px||false|false&#8221; custom_padding=&#8221;0px||0px||false|false&#8221; da_disable_devices=&#8221;off|off|off&#8221; border_width_all=&#8221;2px&#8221; border_style_all=&#8221;dashed&#8221; border_width_right=&#8221;0px&#8221; border_width_left=&#8221;0px&#8221; da_is_popup=&#8221;off&#8221; da_exit_intent=&#8221;off&#8221; da_has_close=&#8221;on&#8221; da_alt_close=&#8221;off&#8221; da_dark_close=&#8221;off&#8221; da_not_modal=&#8221;on&#8221; da_is_singular=&#8221;off&#8221; da_with_loader=&#8221;off&#8221; da_has_shadow=&#8221;on&#8221;][et_pb_row _builder_version=&#8221;4.4.2&#8243; custom_margin=&#8221;0px||0px||false|false&#8221; custom_padding=&#8221;||||false|false&#8221;][et_pb_column type=&#8221;4_4&#8243; _builder_version=&#8221;4.4.2&#8243;][et_pb_text _builder_version=&#8221;4.4.3&#8243; text_font=&#8221;Barlow|700|||||||&#8221; text_text_color=&#8221;#2b2b2b&#8221; text_font_size=&#8221;35px&#8221; hover_enabled=&#8221;0&#8243;]<\/p>\n<p>Projekte t\u00eb tjera s\u00eb shpejti &#8230;<\/p>\n<p>[\/et_pb_text][\/et_pb_column][\/et_pb_row][\/et_pb_section]<\/p>\n","protected":false},"excerpt":{"rendered":"<p>Inxhinieri Automobilistike.Everest \u00ebsht\u00eb i specializuar gjithashtu edhe n\u00eb prodhimin e pjes\u00ebve automobilistike. Cil\u00ebsia e par\u00eb e aluminit nga industria jon\u00eb p\u00ebrdoret p\u00ebr t\u00eb krijuar pjes\u00eb t\u00eb ndryshme t\u00eb automobilave, si dyert e makinave, kabinat dhe deri n\u00eb krijimin e pjes\u00ebve t\u00eb anijeve, p\u00ebrfshir\u00eb dritaret dhe m\u00eb tep\u00ebr.Projekte t\u00eb tjera s\u00eb shpejti &#8230;<\/p>\n","protected":false},"author":5,"featured_media":0,"parent":0,"menu_order":0,"comment_status":"closed","ping_status":"closed","template":"","meta":{"_et_pb_use_builder":"on","_et_pb_old_content":"","_et_gb_content_width":"","footnotes":""},"class_list":["post-4062","page","type-page","status-publish","hentry"],"_links":{"self":[{"href":"https:\/\/www.everest.al\/sq\/wp-json\/wp\/v2\/pages\/4062","targetHints":{"allow":["GET"]}}],"collection":[{"href":"https:\/\/www.everest.al\/sq\/wp-json\/wp\/v2\/pages"}],"about":[{"href":"https:\/\/www.everest.al\/sq\/wp-json\/wp\/v2\/types\/page"}],"author":[{"embeddable":true,"href":"https:\/\/www.everest.al\/sq\/wp-json\/wp\/v2\/users\/5"}],"replies":[{"embeddable":true,"href":"https:\/\/www.everest.al\/sq\/wp-json\/wp\/v2\/comments?post=4062"}],"version-history":[{"count":11,"href":"https:\/\/www.everest.al\/sq\/wp-json\/wp\/v2\/pages\/4062\/revisions"}],"predecessor-version":[{"id":5867,"href":"https:\/\/www.everest.al\/sq\/wp-json\/wp\/v2\/pages\/4062\/revisions\/5867"}],"wp:attachment":[{"href":"https:\/\/www.everest.al\/sq\/wp-json\/wp\/v2\/media?parent=4062"}],"curies":[{"name":"wp","href":"https:\/\/api.w.org\/{rel}","templated":true}]}}